{"id":193,"date":"2020-03-02T20:37:06","date_gmt":"2020-03-03T00:37:06","guid":{"rendered":"https:\/\/www.spl-latam.com\/chile\/?page_id=193"},"modified":"2023-11-13T15:29:12","modified_gmt":"2023-11-13T19:29:12","slug":"sal-de-mar","status":"publish","type":"page","link":"https:\/\/www.spl-latam.com\/chile\/sal-de-consumo-en-el-hogar\/sal-de-mar\/","title":{"rendered":"Sal de Mar"},"content":{"rendered":"","protected":false},"excerpt":{"rendered":"","protected":false},"author":3,"featured_media":0,"parent":39,"menu_order":3,"comment_status":"closed","ping_status":"closed","template":"template-subcategoria.php","meta":{"_acf_changed":false,"footnotes":""},"tags":[42,109,15,40,9,106,16,118,20],"class_list":["post-193","page","type-page","status-publish","hentry","tag-alimentacion","tag-lobos","tag-lobos-tradicional","tag-nutricion","tag-sal","tag-sal-de-consumo","tag-sal-de-mar","tag-sal-de-mar-lobos","tag-sal-de-uso-domestico"],"acf":[],"yoast_head":"<!-- This site is optimized with the Yoast SEO plugin v27.2 - https:\/\/yoast.com\/product\/yoast-seo-wordpress\/ -->\n<title>Distribuidora de Sal de Mar en Chile | SPL<\/title>\n<meta name=\"description\" content=\"Somos l\u00ed\u00adderes mundiales en la comercializaci\u00f3n y distribuci\u00f3n de sal de mar, los clientes nos prefieren por nuestra calidad y tradici\u00f3n. \u00a1Cotiza con nosotros!\" \/>\n<meta name=\"robots\" content=\"index, follow, max-snippet:-1, max-image-preview:large, max-video-preview:-1\" \/>\n<link rel=\"canonical\" href=\"https:\/\/www.spl-latam.com\/chile\/sal-de-consumo-en-el-hogar\/sal-de-mar\/\" \/>\n<meta property=\"og:locale\" content=\"es_ES\" \/>\n<meta property=\"og:type\" content=\"article\" \/>\n<meta property=\"og:title\" content=\"Distribuidora de Sal de Mar en Chile | SPL\" \/>\n<meta property=\"og:description\" content=\"Somos l\u00ed\u00adderes mundiales en la comercializaci\u00f3n y distribuci\u00f3n de sal de mar, los clientes nos prefieren por nuestra calidad y tradici\u00f3n. \u00a1Cotiza con nosotros!\" \/>\n<meta property=\"og:url\" content=\"https:\/\/www.spl-latam.com\/chile\/sal-de-consumo-en-el-hogar\/sal-de-mar\/\" \/>\n<meta property=\"og:site_name\" content=\"SPL Chile\" \/>\n<meta property=\"article:publisher\" content=\"https:\/\/www.facebook.com\/SalLobos\" \/>\n<meta property=\"article:modified_time\" content=\"2023-11-13T19:29:12+00:00\" \/>\n<meta name=\"twitter:card\" content=\"summary_large_image\" \/>\n<script type=\"application\/ld+json\" class=\"yoast-schema-graph\">{\"@context\":\"https:\/\/schema.org\",\"@graph\":[{\"@type\":\"WebPage\",\"@id\":\"https:\/\/www.spl-latam.com\/chile\/sal-de-consumo-en-el-hogar\/sal-de-mar\/\",\"url\":\"https:\/\/www.spl-latam.com\/chile\/sal-de-consumo-en-el-hogar\/sal-de-mar\/\",\"name\":\"Distribuidora de Sal de Mar en Chile | SPL\",\"isPartOf\":{\"@id\":\"https:\/\/www.spl-latam.com\/chile\/#website\"},\"datePublished\":\"2020-03-03T00:37:06+00:00\",\"dateModified\":\"2023-11-13T19:29:12+00:00\",\"description\":\"Somos l\u00ed\u00adderes mundiales en la comercializaci\u00f3n y distribuci\u00f3n de sal de mar, los clientes nos prefieren por nuestra calidad y tradici\u00f3n. \u00a1Cotiza con nosotros!\",\"breadcrumb\":{\"@id\":\"https:\/\/www.spl-latam.com\/chile\/sal-de-consumo-en-el-hogar\/sal-de-mar\/#breadcrumb\"},\"inLanguage\":\"es\",\"potentialAction\":[{\"@type\":\"ReadAction\",\"target\":[\"https:\/\/www.spl-latam.com\/chile\/sal-de-consumo-en-el-hogar\/sal-de-mar\/\"]}]},{\"@type\":\"BreadcrumbList\",\"@id\":\"https:\/\/www.spl-latam.com\/chile\/sal-de-consumo-en-el-hogar\/sal-de-mar\/#breadcrumb\",\"itemListElement\":[{\"@type\":\"ListItem\",\"position\":1,\"name\":\"Home\",\"item\":\"https:\/\/www.spl-latam.com\/chile\/\"},{\"@type\":\"ListItem\",\"position\":2,\"name\":\"Sal de consumo en el hogar\",\"item\":\"https:\/\/www.spl-latam.com\/chile\/sal-de-consumo-en-el-hogar\/\"},{\"@type\":\"ListItem\",\"position\":3,\"name\":\"Sal de Mar\"}]},{\"@type\":\"WebSite\",\"@id\":\"https:\/\/www.spl-latam.com\/chile\/#website\",\"url\":\"https:\/\/www.spl-latam.com\/chile\/\",\"name\":\"SPL Chile\",\"description\":\"L\u00edder mundial en comercializaci\u00f3n de Sal\",\"publisher\":{\"@id\":\"https:\/\/www.spl-latam.com\/chile\/#organization\"},\"potentialAction\":[{\"@type\":\"SearchAction\",\"target\":{\"@type\":\"EntryPoint\",\"urlTemplate\":\"https:\/\/www.spl-latam.com\/chile\/?s={search_term_string}\"},\"query-input\":{\"@type\":\"PropertyValueSpecification\",\"valueRequired\":true,\"valueName\":\"search_term_string\"}}],\"inLanguage\":\"es\"},{\"@type\":\"Organization\",\"@id\":\"https:\/\/www.spl-latam.com\/chile\/#organization\",\"name\":\"Sociedad Punta de Lobos S.A.\",\"url\":\"https:\/\/www.spl-latam.com\/chile\/\",\"logo\":{\"@type\":\"ImageObject\",\"inLanguage\":\"es\",\"@id\":\"https:\/\/www.spl-latam.com\/chile\/#\/schema\/logo\/image\/\",\"url\":\"https:\/\/www.spl-latam.com\/wp-content\/\/uploads\/sites\/2\/2023\/08\/cropped-fondo-blanco.png\",\"contentUrl\":\"https:\/\/www.spl-latam.com\/wp-content\/\/uploads\/sites\/2\/2023\/08\/cropped-fondo-blanco.png\",\"width\":512,\"height\":512,\"caption\":\"Sociedad Punta de Lobos S.A.\"},\"image\":{\"@id\":\"https:\/\/www.spl-latam.com\/chile\/#\/schema\/logo\/image\/\"},\"sameAs\":[\"https:\/\/www.facebook.com\/SalLobos\",\"https:\/\/www.instagram.com\/sal_lobos\/\",\"https:\/\/www.linkedin.com\/company\/sociedad-punta-de-lobos\/?originalSubdomain=cl\"]}]}<\/script>\n<!-- \/ Yoast SEO plugin. -->","yoast_head_json":{"title":"Distribuidora de Sal de Mar en Chile | SPL","description":"Somos l\u00ed\u00adderes mundiales en la comercializaci\u00f3n y distribuci\u00f3n de sal de mar, los clientes nos prefieren por nuestra calidad y tradici\u00f3n. \u00a1Cotiza con nosotros!","robots":{"index":"index","follow":"follow","max-snippet":"max-snippet:-1","max-image-preview":"max-image-preview:large","max-video-preview":"max-video-preview:-1"},"canonical":"https:\/\/www.spl-latam.com\/chile\/sal-de-consumo-en-el-hogar\/sal-de-mar\/","og_locale":"es_ES","og_type":"article","og_title":"Distribuidora de Sal de Mar en Chile | SPL","og_description":"Somos l\u00ed\u00adderes mundiales en la comercializaci\u00f3n y distribuci\u00f3n de sal de mar, los clientes nos prefieren por nuestra calidad y tradici\u00f3n. \u00a1Cotiza con nosotros!","og_url":"https:\/\/www.spl-latam.com\/chile\/sal-de-consumo-en-el-hogar\/sal-de-mar\/","og_site_name":"SPL Chile","article_publisher":"https:\/\/www.facebook.com\/SalLobos","article_modified_time":"2023-11-13T19:29:12+00:00","twitter_card":"summary_large_image","schema":{"@context":"https:\/\/schema.org","@graph":[{"@type":"WebPage","@id":"https:\/\/www.spl-latam.com\/chile\/sal-de-consumo-en-el-hogar\/sal-de-mar\/","url":"https:\/\/www.spl-latam.com\/chile\/sal-de-consumo-en-el-hogar\/sal-de-mar\/","name":"Distribuidora de Sal de Mar en Chile | SPL","isPartOf":{"@id":"https:\/\/www.spl-latam.com\/chile\/#website"},"datePublished":"2020-03-03T00:37:06+00:00","dateModified":"2023-11-13T19:29:12+00:00","description":"Somos l\u00ed\u00adderes mundiales en la comercializaci\u00f3n y distribuci\u00f3n de sal de mar, los clientes nos prefieren por nuestra calidad y tradici\u00f3n. \u00a1Cotiza con nosotros!","breadcrumb":{"@id":"https:\/\/www.spl-latam.com\/chile\/sal-de-consumo-en-el-hogar\/sal-de-mar\/#breadcrumb"},"inLanguage":"es","potentialAction":[{"@type":"ReadAction","target":["https:\/\/www.spl-latam.com\/chile\/sal-de-consumo-en-el-hogar\/sal-de-mar\/"]}]},{"@type":"BreadcrumbList","@id":"https:\/\/www.spl-latam.com\/chile\/sal-de-consumo-en-el-hogar\/sal-de-mar\/#breadcrumb","itemListElement":[{"@type":"ListItem","position":1,"name":"Home","item":"https:\/\/www.spl-latam.com\/chile\/"},{"@type":"ListItem","position":2,"name":"Sal de consumo en el hogar","item":"https:\/\/www.spl-latam.com\/chile\/sal-de-consumo-en-el-hogar\/"},{"@type":"ListItem","position":3,"name":"Sal de Mar"}]},{"@type":"WebSite","@id":"https:\/\/www.spl-latam.com\/chile\/#website","url":"https:\/\/www.spl-latam.com\/chile\/","name":"SPL Chile","description":"L\u00edder mundial en comercializaci\u00f3n de Sal","publisher":{"@id":"https:\/\/www.spl-latam.com\/chile\/#organization"},"potentialAction":[{"@type":"SearchAction","target":{"@type":"EntryPoint","urlTemplate":"https:\/\/www.spl-latam.com\/chile\/?s={search_term_string}"},"query-input":{"@type":"PropertyValueSpecification","valueRequired":true,"valueName":"search_term_string"}}],"inLanguage":"es"},{"@type":"Organization","@id":"https:\/\/www.spl-latam.com\/chile\/#organization","name":"Sociedad Punta de Lobos S.A.","url":"https:\/\/www.spl-latam.com\/chile\/","logo":{"@type":"ImageObject","inLanguage":"es","@id":"https:\/\/www.spl-latam.com\/chile\/#\/schema\/logo\/image\/","url":"https:\/\/www.spl-latam.com\/wp-content\/\/uploads\/sites\/2\/2023\/08\/cropped-fondo-blanco.png","contentUrl":"https:\/\/www.spl-latam.com\/wp-content\/\/uploads\/sites\/2\/2023\/08\/cropped-fondo-blanco.png","width":512,"height":512,"caption":"Sociedad Punta de Lobos S.A."},"image":{"@id":"https:\/\/www.spl-latam.com\/chile\/#\/schema\/logo\/image\/"},"sameAs":["https:\/\/www.facebook.com\/SalLobos","https:\/\/www.instagram.com\/sal_lobos\/","https:\/\/www.linkedin.com\/company\/sociedad-punta-de-lobos\/?originalSubdomain=cl"]}]}},"_links":{"self":[{"href":"https:\/\/www.spl-latam.com\/chile\/wp-json\/wp\/v2\/pages\/193","targetHints":{"allow":["GET"]}}],"collection":[{"href":"https:\/\/www.spl-latam.com\/chile\/wp-json\/wp\/v2\/pages"}],"about":[{"href":"https:\/\/www.spl-latam.com\/chile\/wp-json\/wp\/v2\/types\/page"}],"author":[{"embeddable":true,"href":"https:\/\/www.spl-latam.com\/chile\/wp-json\/wp\/v2\/users\/3"}],"replies":[{"embeddable":true,"href":"https:\/\/www.spl-latam.com\/chile\/wp-json\/wp\/v2\/comments?post=193"}],"version-history":[{"count":36,"href":"https:\/\/www.spl-latam.com\/chile\/wp-json\/wp\/v2\/pages\/193\/revisions"}],"predecessor-version":[{"id":8656,"href":"https:\/\/www.spl-latam.com\/chile\/wp-json\/wp\/v2\/pages\/193\/revisions\/8656"}],"up":[{"embeddable":true,"href":"https:\/\/www.spl-latam.com\/chile\/wp-json\/wp\/v2\/pages\/39"}],"wp:attachment":[{"href":"https:\/\/www.spl-latam.com\/chile\/wp-json\/wp\/v2\/media?parent=193"}],"wp:term":[{"taxonomy":"post_tag","embeddable":true,"href":"https:\/\/www.spl-latam.com\/chile\/wp-json\/wp\/v2\/tags?post=193"}],"curies":[{"name":"wp","href":"https:\/\/api.w.org\/{rel}","templated":true}]}}