{"id":259,"date":"2020-03-24T15:41:28","date_gmt":"2020-03-24T15:41:28","guid":{"rendered":"https:\/\/www.spl-latam.com\/chile\/?page_id=259"},"modified":"2025-02-26T15:45:40","modified_gmt":"2025-02-26T19:45:40","slug":"nuestra-empresa","status":"publish","type":"page","link":"https:\/\/www.spl-latam.com\/chile\/nuestra-empresa\/","title":{"rendered":"Nuestra empresa"},"content":{"rendered":"<p><strong>Sociedad Punta de Lobos S.A.<\/strong>, es la empresa l\u00edder en extracci\u00f3n y comercializaci\u00f3n de sal en Chile y Sudam\u00e9rica. Somos parte de la empresa<strong> Stone\u00a0<span class=\"il\">Canyon<\/span> Industries<\/strong>. Nuestro foco est\u00e1 en el cliente, siempre buscando integrar nuestra estrategia a trav\u00e9s de nuestros productos y servicios con las necesidades reales de sus negocios.<\/p>\n","protected":false},"excerpt":{"rendered":"<p>Sociedad Punta de Lobos S.A., es la empresa l\u00edder en extracci\u00f3n y comercializaci\u00f3n de sal en Chile y Sudam\u00e9rica. Somos parte de la empresa Stone\u00a0Canyon Industries. Nuestro foco est\u00e1 en el cliente, siempre buscando integrar nuestra estrategia a trav\u00e9s de nuestros productos y servicios con las necesidades reales de sus negocios.<\/p>\n","protected":false},"author":4,"featured_media":0,"parent":0,"menu_order":0,"comment_status":"closed","ping_status":"closed","template":"template-nuestra-empresa.php","meta":{"_acf_changed":false,"footnotes":""},"tags":[2,3,93,140,62,35,137,55,6,139,138,9,68,106,32,10,49],"class_list":["post-259","page","type-page","status-publish","hentry","tag-acuicola","tag-alimentos","tag-chile","tag-exportacion","tag-industria","tag-ks","tag-ks-ag","tag-ks-chile","tag-mineria","tag-negocios","tag-productos-y-servicios","tag-sal","tag-sal-de-alta-pureza","tag-sal-de-consumo","tag-sal-de-exportacion","tag-sal-industrial","tag-vialidad"],"acf":[],"yoast_head":"<!-- This site is optimized with the Yoast SEO plugin v27.2 - https:\/\/yoast.com\/product\/yoast-seo-wordpress\/ -->\n<title>Empresa de extracci\u00f3n de Sal en Chile | SPL<\/title>\n<meta name=\"description\" content=\"SPL Chile somos la empresa l\u00ed\u00adder en extracci\u00f3n y comercializaci\u00f3n de sal en Chile y Sudam\u00e9rica, \u00a1M\u00e1s informaci\u00f3n aqu\u00ed!\" \/>\n<meta name=\"robots\" content=\"index, follow, max-snippet:-1, max-image-preview:large, max-video-preview:-1\" \/>\n<link rel=\"canonical\" href=\"https:\/\/www.spl-latam.com\/chile\/nuestra-empresa\/\" \/>\n<meta property=\"og:locale\" content=\"es_ES\" \/>\n<meta property=\"og:type\" content=\"article\" \/>\n<meta property=\"og:title\" content=\"Empresa de extracci\u00f3n de Sal en Chile | SPL\" \/>\n<meta property=\"og:description\" content=\"SPL Chile somos la empresa l\u00ed\u00adder en extracci\u00f3n y comercializaci\u00f3n de sal en Chile y Sudam\u00e9rica, \u00a1M\u00e1s informaci\u00f3n aqu\u00ed!\" \/>\n<meta property=\"og:url\" content=\"https:\/\/www.spl-latam.com\/chile\/nuestra-empresa\/\" \/>\n<meta property=\"og:site_name\" content=\"SPL Chile\" \/>\n<meta property=\"article:publisher\" content=\"https:\/\/www.facebook.com\/SalLobos\" \/>\n<meta property=\"article:modified_time\" content=\"2025-02-26T19:45:40+00:00\" \/>\n<meta name=\"twitter:card\" content=\"summary_large_image\" \/>\n<meta name=\"twitter:label1\" content=\"Tiempo de lectura\" \/>\n\t<meta name=\"twitter:data1\" content=\"1 minuto\" \/>\n<script type=\"application\/ld+json\" class=\"yoast-schema-graph\">{\"@context\":\"https:\/\/schema.org\",\"@graph\":[{\"@type\":\"WebPage\",\"@id\":\"https:\/\/www.spl-latam.com\/chile\/nuestra-empresa\/\",\"url\":\"https:\/\/www.spl-latam.com\/chile\/nuestra-empresa\/\",\"name\":\"Empresa de extracci\u00f3n de Sal en Chile | SPL\",\"isPartOf\":{\"@id\":\"https:\/\/www.spl-latam.com\/chile\/#website\"},\"datePublished\":\"2020-03-24T15:41:28+00:00\",\"dateModified\":\"2025-02-26T19:45:40+00:00\",\"description\":\"SPL Chile somos la empresa l\u00ed\u00adder en extracci\u00f3n y comercializaci\u00f3n de sal en Chile y Sudam\u00e9rica, \u00a1M\u00e1s informaci\u00f3n aqu\u00ed!\",\"breadcrumb\":{\"@id\":\"https:\/\/www.spl-latam.com\/chile\/nuestra-empresa\/#breadcrumb\"},\"inLanguage\":\"es\",\"potentialAction\":[{\"@type\":\"ReadAction\",\"target\":[\"https:\/\/www.spl-latam.com\/chile\/nuestra-empresa\/\"]}]},{\"@type\":\"BreadcrumbList\",\"@id\":\"https:\/\/www.spl-latam.com\/chile\/nuestra-empresa\/#breadcrumb\",\"itemListElement\":[{\"@type\":\"ListItem\",\"position\":1,\"name\":\"Home\",\"item\":\"https:\/\/www.spl-latam.com\/chile\/\"},{\"@type\":\"ListItem\",\"position\":2,\"name\":\"Nuestra empresa\"}]},{\"@type\":\"WebSite\",\"@id\":\"https:\/\/www.spl-latam.com\/chile\/#website\",\"url\":\"https:\/\/www.spl-latam.com\/chile\/\",\"name\":\"SPL Chile\",\"description\":\"L\u00edder mundial en comercializaci\u00f3n de Sal\",\"publisher\":{\"@id\":\"https:\/\/www.spl-latam.com\/chile\/#organization\"},\"potentialAction\":[{\"@type\":\"SearchAction\",\"target\":{\"@type\":\"EntryPoint\",\"urlTemplate\":\"https:\/\/www.spl-latam.com\/chile\/?s={search_term_string}\"},\"query-input\":{\"@type\":\"PropertyValueSpecification\",\"valueRequired\":true,\"valueName\":\"search_term_string\"}}],\"inLanguage\":\"es\"},{\"@type\":\"Organization\",\"@id\":\"https:\/\/www.spl-latam.com\/chile\/#organization\",\"name\":\"Sociedad Punta de Lobos S.A.\",\"url\":\"https:\/\/www.spl-latam.com\/chile\/\",\"logo\":{\"@type\":\"ImageObject\",\"inLanguage\":\"es\",\"@id\":\"https:\/\/www.spl-latam.com\/chile\/#\/schema\/logo\/image\/\",\"url\":\"https:\/\/www.spl-latam.com\/wp-content\/\/uploads\/sites\/2\/2023\/08\/cropped-fondo-blanco.png\",\"contentUrl\":\"https:\/\/www.spl-latam.com\/wp-content\/\/uploads\/sites\/2\/2023\/08\/cropped-fondo-blanco.png\",\"width\":512,\"height\":512,\"caption\":\"Sociedad Punta de Lobos S.A.\"},\"image\":{\"@id\":\"https:\/\/www.spl-latam.com\/chile\/#\/schema\/logo\/image\/\"},\"sameAs\":[\"https:\/\/www.facebook.com\/SalLobos\",\"https:\/\/www.instagram.com\/sal_lobos\/\",\"https:\/\/www.linkedin.com\/company\/sociedad-punta-de-lobos\/?originalSubdomain=cl\"]}]}<\/script>\n<!-- \/ Yoast SEO plugin. -->","yoast_head_json":{"title":"Empresa de extracci\u00f3n de Sal en Chile | SPL","description":"SPL Chile somos la empresa l\u00ed\u00adder en extracci\u00f3n y comercializaci\u00f3n de sal en Chile y Sudam\u00e9rica, \u00a1M\u00e1s informaci\u00f3n aqu\u00ed!","robots":{"index":"index","follow":"follow","max-snippet":"max-snippet:-1","max-image-preview":"max-image-preview:large","max-video-preview":"max-video-preview:-1"},"canonical":"https:\/\/www.spl-latam.com\/chile\/nuestra-empresa\/","og_locale":"es_ES","og_type":"article","og_title":"Empresa de extracci\u00f3n de Sal en Chile | SPL","og_description":"SPL Chile somos la empresa l\u00ed\u00adder en extracci\u00f3n y comercializaci\u00f3n de sal en Chile y Sudam\u00e9rica, \u00a1M\u00e1s informaci\u00f3n aqu\u00ed!","og_url":"https:\/\/www.spl-latam.com\/chile\/nuestra-empresa\/","og_site_name":"SPL Chile","article_publisher":"https:\/\/www.facebook.com\/SalLobos","article_modified_time":"2025-02-26T19:45:40+00:00","twitter_card":"summary_large_image","twitter_misc":{"Tiempo de lectura":"1 minuto"},"schema":{"@context":"https:\/\/schema.org","@graph":[{"@type":"WebPage","@id":"https:\/\/www.spl-latam.com\/chile\/nuestra-empresa\/","url":"https:\/\/www.spl-latam.com\/chile\/nuestra-empresa\/","name":"Empresa de extracci\u00f3n de Sal en Chile | SPL","isPartOf":{"@id":"https:\/\/www.spl-latam.com\/chile\/#website"},"datePublished":"2020-03-24T15:41:28+00:00","dateModified":"2025-02-26T19:45:40+00:00","description":"SPL Chile somos la empresa l\u00ed\u00adder en extracci\u00f3n y comercializaci\u00f3n de sal en Chile y Sudam\u00e9rica, \u00a1M\u00e1s informaci\u00f3n aqu\u00ed!","breadcrumb":{"@id":"https:\/\/www.spl-latam.com\/chile\/nuestra-empresa\/#breadcrumb"},"inLanguage":"es","potentialAction":[{"@type":"ReadAction","target":["https:\/\/www.spl-latam.com\/chile\/nuestra-empresa\/"]}]},{"@type":"BreadcrumbList","@id":"https:\/\/www.spl-latam.com\/chile\/nuestra-empresa\/#breadcrumb","itemListElement":[{"@type":"ListItem","position":1,"name":"Home","item":"https:\/\/www.spl-latam.com\/chile\/"},{"@type":"ListItem","position":2,"name":"Nuestra empresa"}]},{"@type":"WebSite","@id":"https:\/\/www.spl-latam.com\/chile\/#website","url":"https:\/\/www.spl-latam.com\/chile\/","name":"SPL Chile","description":"L\u00edder mundial en comercializaci\u00f3n de Sal","publisher":{"@id":"https:\/\/www.spl-latam.com\/chile\/#organization"},"potentialAction":[{"@type":"SearchAction","target":{"@type":"EntryPoint","urlTemplate":"https:\/\/www.spl-latam.com\/chile\/?s={search_term_string}"},"query-input":{"@type":"PropertyValueSpecification","valueRequired":true,"valueName":"search_term_string"}}],"inLanguage":"es"},{"@type":"Organization","@id":"https:\/\/www.spl-latam.com\/chile\/#organization","name":"Sociedad Punta de Lobos S.A.","url":"https:\/\/www.spl-latam.com\/chile\/","logo":{"@type":"ImageObject","inLanguage":"es","@id":"https:\/\/www.spl-latam.com\/chile\/#\/schema\/logo\/image\/","url":"https:\/\/www.spl-latam.com\/wp-content\/\/uploads\/sites\/2\/2023\/08\/cropped-fondo-blanco.png","contentUrl":"https:\/\/www.spl-latam.com\/wp-content\/\/uploads\/sites\/2\/2023\/08\/cropped-fondo-blanco.png","width":512,"height":512,"caption":"Sociedad Punta de Lobos S.A."},"image":{"@id":"https:\/\/www.spl-latam.com\/chile\/#\/schema\/logo\/image\/"},"sameAs":["https:\/\/www.facebook.com\/SalLobos","https:\/\/www.instagram.com\/sal_lobos\/","https:\/\/www.linkedin.com\/company\/sociedad-punta-de-lobos\/?originalSubdomain=cl"]}]}},"_links":{"self":[{"href":"https:\/\/www.spl-latam.com\/chile\/wp-json\/wp\/v2\/pages\/259","targetHints":{"allow":["GET"]}}],"collection":[{"href":"https:\/\/www.spl-latam.com\/chile\/wp-json\/wp\/v2\/pages"}],"about":[{"href":"https:\/\/www.spl-latam.com\/chile\/wp-json\/wp\/v2\/types\/page"}],"author":[{"embeddable":true,"href":"https:\/\/www.spl-latam.com\/chile\/wp-json\/wp\/v2\/users\/4"}],"replies":[{"embeddable":true,"href":"https:\/\/www.spl-latam.com\/chile\/wp-json\/wp\/v2\/comments?post=259"}],"version-history":[{"count":44,"href":"https:\/\/www.spl-latam.com\/chile\/wp-json\/wp\/v2\/pages\/259\/revisions"}],"predecessor-version":[{"id":8920,"href":"https:\/\/www.spl-latam.com\/chile\/wp-json\/wp\/v2\/pages\/259\/revisions\/8920"}],"wp:attachment":[{"href":"https:\/\/www.spl-latam.com\/chile\/wp-json\/wp\/v2\/media?parent=259"}],"wp:term":[{"taxonomy":"post_tag","embeddable":true,"href":"https:\/\/www.spl-latam.com\/chile\/wp-json\/wp\/v2\/tags?post=259"}],"curies":[{"name":"wp","href":"https:\/\/api.w.org\/{rel}","templated":true}]}}