{"id":28,"date":"2020-03-02T20:35:23","date_gmt":"2020-03-02T20:35:23","guid":{"rendered":"https:\/\/www.spl-latam.com\/chile\/?page_id=28"},"modified":"2021-06-02T13:18:09","modified_gmt":"2021-06-02T17:18:09","slug":"mineria","status":"publish","type":"page","link":"https:\/\/www.spl-latam.com\/chile\/sal-de-uso-industrial\/mineria\/","title":{"rendered":"Miner\u00eda"},"content":{"rendered":"","protected":false},"excerpt":{"rendered":"","protected":false},"author":1,"featured_media":0,"parent":5,"menu_order":3,"comment_status":"closed","ping_status":"closed","template":"template-subcategoria.php","meta":{"_acf_changed":false,"footnotes":""},"tags":[],"class_list":["post-28","page","type-page","status-publish","hentry"],"acf":[],"yoast_head":"<!-- This site is optimized with the Yoast SEO plugin v27.2 - https:\/\/yoast.com\/product\/yoast-seo-wordpress\/ -->\n<title>Distribuidora de Sal para uso Minero en Chile | Sal Lobos Industrial<\/title>\n<meta name=\"description\" content=\"Fomentamos el desarrollo de la miner\u00ed\u00ada en Chile con soluciones que mezclan excelencia e innovaci\u00f3n, apoyando los procesos industriales mineros. M\u00e1s informaci\u00f3n aqu\u00ed.\" \/>\n<meta name=\"robots\" content=\"index, follow, max-snippet:-1, max-image-preview:large, max-video-preview:-1\" \/>\n<link rel=\"canonical\" href=\"https:\/\/www.spl-latam.com\/chile\/sal-de-uso-industrial\/mineria\/\" \/>\n<meta property=\"og:locale\" content=\"es_ES\" \/>\n<meta property=\"og:type\" content=\"article\" \/>\n<meta property=\"og:title\" content=\"Distribuidora de Sal para uso Minero en Chile | Sal Lobos Industrial\" \/>\n<meta property=\"og:description\" content=\"Fomentamos el desarrollo de la miner\u00ed\u00ada en Chile con soluciones que mezclan excelencia e innovaci\u00f3n, apoyando los procesos industriales mineros. M\u00e1s informaci\u00f3n aqu\u00ed.\" \/>\n<meta property=\"og:url\" content=\"https:\/\/www.spl-latam.com\/chile\/sal-de-uso-industrial\/mineria\/\" \/>\n<meta property=\"og:site_name\" content=\"SPL Chile\" \/>\n<meta property=\"article:publisher\" content=\"https:\/\/www.facebook.com\/SalLobos\" \/>\n<meta property=\"article:modified_time\" content=\"2021-06-02T17:18:09+00:00\" \/>\n<meta name=\"twitter:card\" content=\"summary_large_image\" \/>\n<script type=\"application\/ld+json\" class=\"yoast-schema-graph\">{\"@context\":\"https:\/\/schema.org\",\"@graph\":[{\"@type\":\"WebPage\",\"@id\":\"https:\/\/www.spl-latam.com\/chile\/sal-de-uso-industrial\/mineria\/\",\"url\":\"https:\/\/www.spl-latam.com\/chile\/sal-de-uso-industrial\/mineria\/\",\"name\":\"Distribuidora de Sal para uso Minero en Chile | Sal Lobos Industrial\",\"isPartOf\":{\"@id\":\"https:\/\/www.spl-latam.com\/chile\/#website\"},\"datePublished\":\"2020-03-02T20:35:23+00:00\",\"dateModified\":\"2021-06-02T17:18:09+00:00\",\"description\":\"Fomentamos el desarrollo de la miner\u00ed\u00ada en Chile con soluciones que mezclan excelencia e innovaci\u00f3n, apoyando los procesos industriales mineros. M\u00e1s informaci\u00f3n aqu\u00ed.\",\"breadcrumb\":{\"@id\":\"https:\/\/www.spl-latam.com\/chile\/sal-de-uso-industrial\/mineria\/#breadcrumb\"},\"inLanguage\":\"es\",\"potentialAction\":[{\"@type\":\"ReadAction\",\"target\":[\"https:\/\/www.spl-latam.com\/chile\/sal-de-uso-industrial\/mineria\/\"]}]},{\"@type\":\"BreadcrumbList\",\"@id\":\"https:\/\/www.spl-latam.com\/chile\/sal-de-uso-industrial\/mineria\/#breadcrumb\",\"itemListElement\":[{\"@type\":\"ListItem\",\"position\":1,\"name\":\"Home\",\"item\":\"https:\/\/www.spl-latam.com\/chile\/\"},{\"@type\":\"ListItem\",\"position\":2,\"name\":\"Sal de uso industrial\",\"item\":\"https:\/\/www.spl-latam.com\/chile\/sal-de-uso-industrial\/\"},{\"@type\":\"ListItem\",\"position\":3,\"name\":\"Miner\u00eda\"}]},{\"@type\":\"WebSite\",\"@id\":\"https:\/\/www.spl-latam.com\/chile\/#website\",\"url\":\"https:\/\/www.spl-latam.com\/chile\/\",\"name\":\"SPL Chile\",\"description\":\"L\u00edder mundial en comercializaci\u00f3n de Sal\",\"publisher\":{\"@id\":\"https:\/\/www.spl-latam.com\/chile\/#organization\"},\"potentialAction\":[{\"@type\":\"SearchAction\",\"target\":{\"@type\":\"EntryPoint\",\"urlTemplate\":\"https:\/\/www.spl-latam.com\/chile\/?s={search_term_string}\"},\"query-input\":{\"@type\":\"PropertyValueSpecification\",\"valueRequired\":true,\"valueName\":\"search_term_string\"}}],\"inLanguage\":\"es\"},{\"@type\":\"Organization\",\"@id\":\"https:\/\/www.spl-latam.com\/chile\/#organization\",\"name\":\"Sociedad Punta de Lobos S.A.\",\"url\":\"https:\/\/www.spl-latam.com\/chile\/\",\"logo\":{\"@type\":\"ImageObject\",\"inLanguage\":\"es\",\"@id\":\"https:\/\/www.spl-latam.com\/chile\/#\/schema\/logo\/image\/\",\"url\":\"https:\/\/www.spl-latam.com\/wp-content\/\/uploads\/sites\/2\/2023\/08\/cropped-fondo-blanco.png\",\"contentUrl\":\"https:\/\/www.spl-latam.com\/wp-content\/\/uploads\/sites\/2\/2023\/08\/cropped-fondo-blanco.png\",\"width\":512,\"height\":512,\"caption\":\"Sociedad Punta de Lobos S.A.\"},\"image\":{\"@id\":\"https:\/\/www.spl-latam.com\/chile\/#\/schema\/logo\/image\/\"},\"sameAs\":[\"https:\/\/www.facebook.com\/SalLobos\",\"https:\/\/www.instagram.com\/sal_lobos\/\",\"https:\/\/www.linkedin.com\/company\/sociedad-punta-de-lobos\/?originalSubdomain=cl\"]}]}<\/script>\n<!-- \/ Yoast SEO plugin. -->","yoast_head_json":{"title":"Distribuidora de Sal para uso Minero en Chile | Sal Lobos Industrial","description":"Fomentamos el desarrollo de la miner\u00ed\u00ada en Chile con soluciones que mezclan excelencia e innovaci\u00f3n, apoyando los procesos industriales mineros. M\u00e1s informaci\u00f3n aqu\u00ed.","robots":{"index":"index","follow":"follow","max-snippet":"max-snippet:-1","max-image-preview":"max-image-preview:large","max-video-preview":"max-video-preview:-1"},"canonical":"https:\/\/www.spl-latam.com\/chile\/sal-de-uso-industrial\/mineria\/","og_locale":"es_ES","og_type":"article","og_title":"Distribuidora de Sal para uso Minero en Chile | Sal Lobos Industrial","og_description":"Fomentamos el desarrollo de la miner\u00ed\u00ada en Chile con soluciones que mezclan excelencia e innovaci\u00f3n, apoyando los procesos industriales mineros. M\u00e1s informaci\u00f3n aqu\u00ed.","og_url":"https:\/\/www.spl-latam.com\/chile\/sal-de-uso-industrial\/mineria\/","og_site_name":"SPL Chile","article_publisher":"https:\/\/www.facebook.com\/SalLobos","article_modified_time":"2021-06-02T17:18:09+00:00","twitter_card":"summary_large_image","schema":{"@context":"https:\/\/schema.org","@graph":[{"@type":"WebPage","@id":"https:\/\/www.spl-latam.com\/chile\/sal-de-uso-industrial\/mineria\/","url":"https:\/\/www.spl-latam.com\/chile\/sal-de-uso-industrial\/mineria\/","name":"Distribuidora de Sal para uso Minero en Chile | Sal Lobos Industrial","isPartOf":{"@id":"https:\/\/www.spl-latam.com\/chile\/#website"},"datePublished":"2020-03-02T20:35:23+00:00","dateModified":"2021-06-02T17:18:09+00:00","description":"Fomentamos el desarrollo de la miner\u00ed\u00ada en Chile con soluciones que mezclan excelencia e innovaci\u00f3n, apoyando los procesos industriales mineros. M\u00e1s informaci\u00f3n aqu\u00ed.","breadcrumb":{"@id":"https:\/\/www.spl-latam.com\/chile\/sal-de-uso-industrial\/mineria\/#breadcrumb"},"inLanguage":"es","potentialAction":[{"@type":"ReadAction","target":["https:\/\/www.spl-latam.com\/chile\/sal-de-uso-industrial\/mineria\/"]}]},{"@type":"BreadcrumbList","@id":"https:\/\/www.spl-latam.com\/chile\/sal-de-uso-industrial\/mineria\/#breadcrumb","itemListElement":[{"@type":"ListItem","position":1,"name":"Home","item":"https:\/\/www.spl-latam.com\/chile\/"},{"@type":"ListItem","position":2,"name":"Sal de uso industrial","item":"https:\/\/www.spl-latam.com\/chile\/sal-de-uso-industrial\/"},{"@type":"ListItem","position":3,"name":"Miner\u00eda"}]},{"@type":"WebSite","@id":"https:\/\/www.spl-latam.com\/chile\/#website","url":"https:\/\/www.spl-latam.com\/chile\/","name":"SPL Chile","description":"L\u00edder mundial en comercializaci\u00f3n de Sal","publisher":{"@id":"https:\/\/www.spl-latam.com\/chile\/#organization"},"potentialAction":[{"@type":"SearchAction","target":{"@type":"EntryPoint","urlTemplate":"https:\/\/www.spl-latam.com\/chile\/?s={search_term_string}"},"query-input":{"@type":"PropertyValueSpecification","valueRequired":true,"valueName":"search_term_string"}}],"inLanguage":"es"},{"@type":"Organization","@id":"https:\/\/www.spl-latam.com\/chile\/#organization","name":"Sociedad Punta de Lobos S.A.","url":"https:\/\/www.spl-latam.com\/chile\/","logo":{"@type":"ImageObject","inLanguage":"es","@id":"https:\/\/www.spl-latam.com\/chile\/#\/schema\/logo\/image\/","url":"https:\/\/www.spl-latam.com\/wp-content\/\/uploads\/sites\/2\/2023\/08\/cropped-fondo-blanco.png","contentUrl":"https:\/\/www.spl-latam.com\/wp-content\/\/uploads\/sites\/2\/2023\/08\/cropped-fondo-blanco.png","width":512,"height":512,"caption":"Sociedad Punta de Lobos S.A."},"image":{"@id":"https:\/\/www.spl-latam.com\/chile\/#\/schema\/logo\/image\/"},"sameAs":["https:\/\/www.facebook.com\/SalLobos","https:\/\/www.instagram.com\/sal_lobos\/","https:\/\/www.linkedin.com\/company\/sociedad-punta-de-lobos\/?originalSubdomain=cl"]}]}},"_links":{"self":[{"href":"https:\/\/www.spl-latam.com\/chile\/wp-json\/wp\/v2\/pages\/28","targetHints":{"allow":["GET"]}}],"collection":[{"href":"https:\/\/www.spl-latam.com\/chile\/wp-json\/wp\/v2\/pages"}],"about":[{"href":"https:\/\/www.spl-latam.com\/chile\/wp-json\/wp\/v2\/types\/page"}],"author":[{"embeddable":true,"href":"https:\/\/www.spl-latam.com\/chile\/wp-json\/wp\/v2\/users\/1"}],"replies":[{"embeddable":true,"href":"https:\/\/www.spl-latam.com\/chile\/wp-json\/wp\/v2\/comments?post=28"}],"version-history":[{"count":16,"href":"https:\/\/www.spl-latam.com\/chile\/wp-json\/wp\/v2\/pages\/28\/revisions"}],"predecessor-version":[{"id":8304,"href":"https:\/\/www.spl-latam.com\/chile\/wp-json\/wp\/v2\/pages\/28\/revisions\/8304"}],"up":[{"embeddable":true,"href":"https:\/\/www.spl-latam.com\/chile\/wp-json\/wp\/v2\/pages\/5"}],"wp:attachment":[{"href":"https:\/\/www.spl-latam.com\/chile\/wp-json\/wp\/v2\/media?parent=28"}],"wp:term":[{"taxonomy":"post_tag","embeddable":true,"href":"https:\/\/www.spl-latam.com\/chile\/wp-json\/wp\/v2\/tags?post=28"}],"curies":[{"name":"wp","href":"https:\/\/api.w.org\/{rel}","templated":true}]}}