{"id":7,"date":"2020-02-27T21:17:25","date_gmt":"2020-02-27T21:17:25","guid":{"rendered":"https:\/\/www.spl-latam.com\/chile\/?page_id=7"},"modified":"2024-01-08T17:54:05","modified_gmt":"2024-01-08T21:54:05","slug":"acuicola","status":"publish","type":"page","link":"https:\/\/www.spl-latam.com\/chile\/sal-de-uso-industrial\/acuicola\/","title":{"rendered":"Acu\u00edcola"},"content":{"rendered":"","protected":false},"excerpt":{"rendered":"","protected":false},"author":1,"featured_media":0,"parent":5,"menu_order":1,"comment_status":"closed","ping_status":"closed","template":"template-subcategoria.php","meta":{"_acf_changed":false,"footnotes":""},"tags":[2,35,34,38,33,36,37],"class_list":["post-7","page","type-page","status-publish","hentry","tag-acuicola","tag-ks","tag-mercados","tag-miticultura","tag-sal-de-uso-industrial","tag-salmones","tag-truchas"],"acf":[],"yoast_head":"<!-- This site is optimized with the Yoast SEO plugin v27.2 - https:\/\/yoast.com\/product\/yoast-seo-wordpress\/ -->\n<title>Distribuci\u00f3n de Sal para uso Acu\u00edcola en Chile | Sal Lobos Industrial<\/title>\n<meta name=\"description\" content=\"Descubre nuestro portafolio de productos para la industria acu\u00ed\u00adcola, en pisciculturas de agua dulce y como elemento clave en las cadenas de fr\u00ed\u00ado. \u00a1M\u00e1s informaci\u00f3n aqu\u00ed!\" \/>\n<meta name=\"robots\" content=\"index, follow, max-snippet:-1, max-image-preview:large, max-video-preview:-1\" \/>\n<link rel=\"canonical\" href=\"https:\/\/www.spl-latam.com\/chile\/sal-de-uso-industrial\/acuicola\/\" \/>\n<meta property=\"og:locale\" content=\"es_ES\" \/>\n<meta property=\"og:type\" content=\"article\" \/>\n<meta property=\"og:title\" content=\"Distribuci\u00f3n de Sal para uso Acu\u00edcola en Chile | Sal Lobos Industrial\" \/>\n<meta property=\"og:description\" content=\"Descubre nuestro portafolio de productos para la industria acu\u00ed\u00adcola, en pisciculturas de agua dulce y como elemento clave en las cadenas de fr\u00ed\u00ado. \u00a1M\u00e1s informaci\u00f3n aqu\u00ed!\" \/>\n<meta property=\"og:url\" content=\"https:\/\/www.spl-latam.com\/chile\/sal-de-uso-industrial\/acuicola\/\" \/>\n<meta property=\"og:site_name\" content=\"SPL Chile\" \/>\n<meta property=\"article:publisher\" content=\"https:\/\/www.facebook.com\/SalLobos\" \/>\n<meta property=\"article:modified_time\" content=\"2024-01-08T21:54:05+00:00\" \/>\n<meta name=\"twitter:card\" content=\"summary_large_image\" \/>\n<script type=\"application\/ld+json\" class=\"yoast-schema-graph\">{\"@context\":\"https:\/\/schema.org\",\"@graph\":[{\"@type\":\"WebPage\",\"@id\":\"https:\/\/www.spl-latam.com\/chile\/sal-de-uso-industrial\/acuicola\/\",\"url\":\"https:\/\/www.spl-latam.com\/chile\/sal-de-uso-industrial\/acuicola\/\",\"name\":\"Distribuci\u00f3n de Sal para uso Acu\u00edcola en Chile | Sal Lobos Industrial\",\"isPartOf\":{\"@id\":\"https:\/\/www.spl-latam.com\/chile\/#website\"},\"datePublished\":\"2020-02-27T21:17:25+00:00\",\"dateModified\":\"2024-01-08T21:54:05+00:00\",\"description\":\"Descubre nuestro portafolio de productos para la industria acu\u00ed\u00adcola, en pisciculturas de agua dulce y como elemento clave en las cadenas de fr\u00ed\u00ado. \u00a1M\u00e1s informaci\u00f3n aqu\u00ed!\",\"breadcrumb\":{\"@id\":\"https:\/\/www.spl-latam.com\/chile\/sal-de-uso-industrial\/acuicola\/#breadcrumb\"},\"inLanguage\":\"es\",\"potentialAction\":[{\"@type\":\"ReadAction\",\"target\":[\"https:\/\/www.spl-latam.com\/chile\/sal-de-uso-industrial\/acuicola\/\"]}]},{\"@type\":\"BreadcrumbList\",\"@id\":\"https:\/\/www.spl-latam.com\/chile\/sal-de-uso-industrial\/acuicola\/#breadcrumb\",\"itemListElement\":[{\"@type\":\"ListItem\",\"position\":1,\"name\":\"Home\",\"item\":\"https:\/\/www.spl-latam.com\/chile\/\"},{\"@type\":\"ListItem\",\"position\":2,\"name\":\"Sal de uso industrial\",\"item\":\"https:\/\/www.spl-latam.com\/chile\/sal-de-uso-industrial\/\"},{\"@type\":\"ListItem\",\"position\":3,\"name\":\"Acu\u00edcola\"}]},{\"@type\":\"WebSite\",\"@id\":\"https:\/\/www.spl-latam.com\/chile\/#website\",\"url\":\"https:\/\/www.spl-latam.com\/chile\/\",\"name\":\"SPL Chile\",\"description\":\"L\u00edder mundial en comercializaci\u00f3n de Sal\",\"publisher\":{\"@id\":\"https:\/\/www.spl-latam.com\/chile\/#organization\"},\"potentialAction\":[{\"@type\":\"SearchAction\",\"target\":{\"@type\":\"EntryPoint\",\"urlTemplate\":\"https:\/\/www.spl-latam.com\/chile\/?s={search_term_string}\"},\"query-input\":{\"@type\":\"PropertyValueSpecification\",\"valueRequired\":true,\"valueName\":\"search_term_string\"}}],\"inLanguage\":\"es\"},{\"@type\":\"Organization\",\"@id\":\"https:\/\/www.spl-latam.com\/chile\/#organization\",\"name\":\"Sociedad Punta de Lobos S.A.\",\"url\":\"https:\/\/www.spl-latam.com\/chile\/\",\"logo\":{\"@type\":\"ImageObject\",\"inLanguage\":\"es\",\"@id\":\"https:\/\/www.spl-latam.com\/chile\/#\/schema\/logo\/image\/\",\"url\":\"https:\/\/www.spl-latam.com\/wp-content\/\/uploads\/sites\/2\/2023\/08\/cropped-fondo-blanco.png\",\"contentUrl\":\"https:\/\/www.spl-latam.com\/wp-content\/\/uploads\/sites\/2\/2023\/08\/cropped-fondo-blanco.png\",\"width\":512,\"height\":512,\"caption\":\"Sociedad Punta de Lobos S.A.\"},\"image\":{\"@id\":\"https:\/\/www.spl-latam.com\/chile\/#\/schema\/logo\/image\/\"},\"sameAs\":[\"https:\/\/www.facebook.com\/SalLobos\",\"https:\/\/www.instagram.com\/sal_lobos\/\",\"https:\/\/www.linkedin.com\/company\/sociedad-punta-de-lobos\/?originalSubdomain=cl\"]}]}<\/script>\n<!-- \/ Yoast SEO plugin. -->","yoast_head_json":{"title":"Distribuci\u00f3n de Sal para uso Acu\u00edcola en Chile | Sal Lobos Industrial","description":"Descubre nuestro portafolio de productos para la industria acu\u00ed\u00adcola, en pisciculturas de agua dulce y como elemento clave en las cadenas de fr\u00ed\u00ado. \u00a1M\u00e1s informaci\u00f3n aqu\u00ed!","robots":{"index":"index","follow":"follow","max-snippet":"max-snippet:-1","max-image-preview":"max-image-preview:large","max-video-preview":"max-video-preview:-1"},"canonical":"https:\/\/www.spl-latam.com\/chile\/sal-de-uso-industrial\/acuicola\/","og_locale":"es_ES","og_type":"article","og_title":"Distribuci\u00f3n de Sal para uso Acu\u00edcola en Chile | Sal Lobos Industrial","og_description":"Descubre nuestro portafolio de productos para la industria acu\u00ed\u00adcola, en pisciculturas de agua dulce y como elemento clave en las cadenas de fr\u00ed\u00ado. \u00a1M\u00e1s informaci\u00f3n aqu\u00ed!","og_url":"https:\/\/www.spl-latam.com\/chile\/sal-de-uso-industrial\/acuicola\/","og_site_name":"SPL Chile","article_publisher":"https:\/\/www.facebook.com\/SalLobos","article_modified_time":"2024-01-08T21:54:05+00:00","twitter_card":"summary_large_image","schema":{"@context":"https:\/\/schema.org","@graph":[{"@type":"WebPage","@id":"https:\/\/www.spl-latam.com\/chile\/sal-de-uso-industrial\/acuicola\/","url":"https:\/\/www.spl-latam.com\/chile\/sal-de-uso-industrial\/acuicola\/","name":"Distribuci\u00f3n de Sal para uso Acu\u00edcola en Chile | Sal Lobos Industrial","isPartOf":{"@id":"https:\/\/www.spl-latam.com\/chile\/#website"},"datePublished":"2020-02-27T21:17:25+00:00","dateModified":"2024-01-08T21:54:05+00:00","description":"Descubre nuestro portafolio de productos para la industria acu\u00ed\u00adcola, en pisciculturas de agua dulce y como elemento clave en las cadenas de fr\u00ed\u00ado. \u00a1M\u00e1s informaci\u00f3n aqu\u00ed!","breadcrumb":{"@id":"https:\/\/www.spl-latam.com\/chile\/sal-de-uso-industrial\/acuicola\/#breadcrumb"},"inLanguage":"es","potentialAction":[{"@type":"ReadAction","target":["https:\/\/www.spl-latam.com\/chile\/sal-de-uso-industrial\/acuicola\/"]}]},{"@type":"BreadcrumbList","@id":"https:\/\/www.spl-latam.com\/chile\/sal-de-uso-industrial\/acuicola\/#breadcrumb","itemListElement":[{"@type":"ListItem","position":1,"name":"Home","item":"https:\/\/www.spl-latam.com\/chile\/"},{"@type":"ListItem","position":2,"name":"Sal de uso industrial","item":"https:\/\/www.spl-latam.com\/chile\/sal-de-uso-industrial\/"},{"@type":"ListItem","position":3,"name":"Acu\u00edcola"}]},{"@type":"WebSite","@id":"https:\/\/www.spl-latam.com\/chile\/#website","url":"https:\/\/www.spl-latam.com\/chile\/","name":"SPL Chile","description":"L\u00edder mundial en comercializaci\u00f3n de Sal","publisher":{"@id":"https:\/\/www.spl-latam.com\/chile\/#organization"},"potentialAction":[{"@type":"SearchAction","target":{"@type":"EntryPoint","urlTemplate":"https:\/\/www.spl-latam.com\/chile\/?s={search_term_string}"},"query-input":{"@type":"PropertyValueSpecification","valueRequired":true,"valueName":"search_term_string"}}],"inLanguage":"es"},{"@type":"Organization","@id":"https:\/\/www.spl-latam.com\/chile\/#organization","name":"Sociedad Punta de Lobos S.A.","url":"https:\/\/www.spl-latam.com\/chile\/","logo":{"@type":"ImageObject","inLanguage":"es","@id":"https:\/\/www.spl-latam.com\/chile\/#\/schema\/logo\/image\/","url":"https:\/\/www.spl-latam.com\/wp-content\/\/uploads\/sites\/2\/2023\/08\/cropped-fondo-blanco.png","contentUrl":"https:\/\/www.spl-latam.com\/wp-content\/\/uploads\/sites\/2\/2023\/08\/cropped-fondo-blanco.png","width":512,"height":512,"caption":"Sociedad Punta de Lobos S.A."},"image":{"@id":"https:\/\/www.spl-latam.com\/chile\/#\/schema\/logo\/image\/"},"sameAs":["https:\/\/www.facebook.com\/SalLobos","https:\/\/www.instagram.com\/sal_lobos\/","https:\/\/www.linkedin.com\/company\/sociedad-punta-de-lobos\/?originalSubdomain=cl"]}]}},"_links":{"self":[{"href":"https:\/\/www.spl-latam.com\/chile\/wp-json\/wp\/v2\/pages\/7","targetHints":{"allow":["GET"]}}],"collection":[{"href":"https:\/\/www.spl-latam.com\/chile\/wp-json\/wp\/v2\/pages"}],"about":[{"href":"https:\/\/www.spl-latam.com\/chile\/wp-json\/wp\/v2\/types\/page"}],"author":[{"embeddable":true,"href":"https:\/\/www.spl-latam.com\/chile\/wp-json\/wp\/v2\/users\/1"}],"replies":[{"embeddable":true,"href":"https:\/\/www.spl-latam.com\/chile\/wp-json\/wp\/v2\/comments?post=7"}],"version-history":[{"count":2385,"href":"https:\/\/www.spl-latam.com\/chile\/wp-json\/wp\/v2\/pages\/7\/revisions"}],"predecessor-version":[{"id":8301,"href":"https:\/\/www.spl-latam.com\/chile\/wp-json\/wp\/v2\/pages\/7\/revisions\/8301"}],"up":[{"embeddable":true,"href":"https:\/\/www.spl-latam.com\/chile\/wp-json\/wp\/v2\/pages\/5"}],"wp:attachment":[{"href":"https:\/\/www.spl-latam.com\/chile\/wp-json\/wp\/v2\/media?parent=7"}],"wp:term":[{"taxonomy":"post_tag","embeddable":true,"href":"https:\/\/www.spl-latam.com\/chile\/wp-json\/wp\/v2\/tags?post=7"}],"curies":[{"name":"wp","href":"https:\/\/api.w.org\/{rel}","templated":true}]}}