{"id":723,"date":"2020-04-14T04:25:57","date_gmt":"2020-04-14T04:25:57","guid":{"rendered":"https:\/\/www.spl-latam.com\/chile\/?page_id=723"},"modified":"2021-05-07T12:22:05","modified_gmt":"2021-05-07T16:22:05","slug":"contacto","status":"publish","type":"page","link":"https:\/\/www.spl-latam.com\/chile\/contacto\/","title":{"rendered":"Contacto"},"content":{"rendered":"<p><span style=\"font-weight: 400\">En <strong>Sociedad Punta de Lobos S.A<\/strong>\u00a0estamos comprometidos con el servicio y la atenci\u00f3n, tanto de nuestros clientes actuales como de futuros clientes. Por eso, <strong>escr\u00edbenos o comun\u00edcate con nosotros<\/strong> para resolver cualquier tipo de consulta o si necesitas m\u00e1s\u00a0 informaci\u00f3n comercial.<\/span><\/p>\n","protected":false},"excerpt":{"rendered":"<p>En Sociedad Punta de Lobos S.A\u00a0estamos comprometidos con el servicio y la atenci\u00f3n, tanto de nuestros clientes actuales como de futuros clientes. Por eso, escr\u00edbenos o comun\u00edcate con nosotros para resolver cualquier tipo de consulta o si necesitas m\u00e1s\u00a0 informaci\u00f3n comercial.<\/p>\n","protected":false},"author":2,"featured_media":0,"parent":0,"menu_order":0,"comment_status":"closed","ping_status":"closed","template":"template-contacto.php","meta":{"_acf_changed":false,"footnotes":""},"tags":[],"class_list":["post-723","page","type-page","status-publish","hentry"],"acf":[],"yoast_head":"<!-- This site is optimized with the Yoast SEO plugin v27.2 - https:\/\/yoast.com\/product\/yoast-seo-wordpress\/ -->\n<title>Contacto - SPL Chile<\/title>\n<meta name=\"robots\" content=\"index, follow, max-snippet:-1, max-image-preview:large, max-video-preview:-1\" \/>\n<link rel=\"canonical\" href=\"https:\/\/www.spl-latam.com\/chile\/contacto\/\" \/>\n<meta property=\"og:locale\" content=\"es_ES\" \/>\n<meta property=\"og:type\" content=\"article\" \/>\n<meta property=\"og:title\" content=\"Contacto - SPL Chile\" \/>\n<meta property=\"og:description\" content=\"En Sociedad Punta de Lobos S.A\u00a0estamos comprometidos con el servicio y la atenci\u00f3n, tanto de nuestros clientes actuales como de futuros clientes. Por eso, escr\u00edbenos o comun\u00edcate con nosotros para resolver cualquier tipo de consulta o si necesitas m\u00e1s\u00a0 informaci\u00f3n comercial.\" \/>\n<meta property=\"og:url\" content=\"https:\/\/www.spl-latam.com\/chile\/contacto\/\" \/>\n<meta property=\"og:site_name\" content=\"SPL Chile\" \/>\n<meta property=\"article:publisher\" content=\"https:\/\/www.facebook.com\/SalLobos\" \/>\n<meta property=\"article:modified_time\" content=\"2021-05-07T16:22:05+00:00\" \/>\n<meta name=\"twitter:card\" content=\"summary_large_image\" \/>\n<script type=\"application\/ld+json\" class=\"yoast-schema-graph\">{\"@context\":\"https:\/\/schema.org\",\"@graph\":[{\"@type\":\"WebPage\",\"@id\":\"https:\/\/www.spl-latam.com\/chile\/contacto\/\",\"url\":\"https:\/\/www.spl-latam.com\/chile\/contacto\/\",\"name\":\"Contacto - SPL Chile\",\"isPartOf\":{\"@id\":\"https:\/\/www.spl-latam.com\/chile\/#website\"},\"datePublished\":\"2020-04-14T04:25:57+00:00\",\"dateModified\":\"2021-05-07T16:22:05+00:00\",\"breadcrumb\":{\"@id\":\"https:\/\/www.spl-latam.com\/chile\/contacto\/#breadcrumb\"},\"inLanguage\":\"es\",\"potentialAction\":[{\"@type\":\"ReadAction\",\"target\":[\"https:\/\/www.spl-latam.com\/chile\/contacto\/\"]}]},{\"@type\":\"BreadcrumbList\",\"@id\":\"https:\/\/www.spl-latam.com\/chile\/contacto\/#breadcrumb\",\"itemListElement\":[{\"@type\":\"ListItem\",\"position\":1,\"name\":\"Home\",\"item\":\"https:\/\/www.spl-latam.com\/chile\/\"},{\"@type\":\"ListItem\",\"position\":2,\"name\":\"Contacto\"}]},{\"@type\":\"WebSite\",\"@id\":\"https:\/\/www.spl-latam.com\/chile\/#website\",\"url\":\"https:\/\/www.spl-latam.com\/chile\/\",\"name\":\"SPL Chile\",\"description\":\"L\u00edder mundial en comercializaci\u00f3n de Sal\",\"publisher\":{\"@id\":\"https:\/\/www.spl-latam.com\/chile\/#organization\"},\"potentialAction\":[{\"@type\":\"SearchAction\",\"target\":{\"@type\":\"EntryPoint\",\"urlTemplate\":\"https:\/\/www.spl-latam.com\/chile\/?s={search_term_string}\"},\"query-input\":{\"@type\":\"PropertyValueSpecification\",\"valueRequired\":true,\"valueName\":\"search_term_string\"}}],\"inLanguage\":\"es\"},{\"@type\":\"Organization\",\"@id\":\"https:\/\/www.spl-latam.com\/chile\/#organization\",\"name\":\"Sociedad Punta de Lobos S.A.\",\"url\":\"https:\/\/www.spl-latam.com\/chile\/\",\"logo\":{\"@type\":\"ImageObject\",\"inLanguage\":\"es\",\"@id\":\"https:\/\/www.spl-latam.com\/chile\/#\/schema\/logo\/image\/\",\"url\":\"https:\/\/www.spl-latam.com\/wp-content\/\/uploads\/sites\/2\/2023\/08\/cropped-fondo-blanco.png\",\"contentUrl\":\"https:\/\/www.spl-latam.com\/wp-content\/\/uploads\/sites\/2\/2023\/08\/cropped-fondo-blanco.png\",\"width\":512,\"height\":512,\"caption\":\"Sociedad Punta de Lobos S.A.\"},\"image\":{\"@id\":\"https:\/\/www.spl-latam.com\/chile\/#\/schema\/logo\/image\/\"},\"sameAs\":[\"https:\/\/www.facebook.com\/SalLobos\",\"https:\/\/www.instagram.com\/sal_lobos\/\",\"https:\/\/www.linkedin.com\/company\/sociedad-punta-de-lobos\/?originalSubdomain=cl\"]}]}<\/script>\n<!-- \/ Yoast SEO plugin. -->","yoast_head_json":{"title":"Contacto - SPL Chile","robots":{"index":"index","follow":"follow","max-snippet":"max-snippet:-1","max-image-preview":"max-image-preview:large","max-video-preview":"max-video-preview:-1"},"canonical":"https:\/\/www.spl-latam.com\/chile\/contacto\/","og_locale":"es_ES","og_type":"article","og_title":"Contacto - SPL Chile","og_description":"En Sociedad Punta de Lobos S.A\u00a0estamos comprometidos con el servicio y la atenci\u00f3n, tanto de nuestros clientes actuales como de futuros clientes. Por eso, escr\u00edbenos o comun\u00edcate con nosotros para resolver cualquier tipo de consulta o si necesitas m\u00e1s\u00a0 informaci\u00f3n comercial.","og_url":"https:\/\/www.spl-latam.com\/chile\/contacto\/","og_site_name":"SPL Chile","article_publisher":"https:\/\/www.facebook.com\/SalLobos","article_modified_time":"2021-05-07T16:22:05+00:00","twitter_card":"summary_large_image","schema":{"@context":"https:\/\/schema.org","@graph":[{"@type":"WebPage","@id":"https:\/\/www.spl-latam.com\/chile\/contacto\/","url":"https:\/\/www.spl-latam.com\/chile\/contacto\/","name":"Contacto - SPL Chile","isPartOf":{"@id":"https:\/\/www.spl-latam.com\/chile\/#website"},"datePublished":"2020-04-14T04:25:57+00:00","dateModified":"2021-05-07T16:22:05+00:00","breadcrumb":{"@id":"https:\/\/www.spl-latam.com\/chile\/contacto\/#breadcrumb"},"inLanguage":"es","potentialAction":[{"@type":"ReadAction","target":["https:\/\/www.spl-latam.com\/chile\/contacto\/"]}]},{"@type":"BreadcrumbList","@id":"https:\/\/www.spl-latam.com\/chile\/contacto\/#breadcrumb","itemListElement":[{"@type":"ListItem","position":1,"name":"Home","item":"https:\/\/www.spl-latam.com\/chile\/"},{"@type":"ListItem","position":2,"name":"Contacto"}]},{"@type":"WebSite","@id":"https:\/\/www.spl-latam.com\/chile\/#website","url":"https:\/\/www.spl-latam.com\/chile\/","name":"SPL Chile","description":"L\u00edder mundial en comercializaci\u00f3n de Sal","publisher":{"@id":"https:\/\/www.spl-latam.com\/chile\/#organization"},"potentialAction":[{"@type":"SearchAction","target":{"@type":"EntryPoint","urlTemplate":"https:\/\/www.spl-latam.com\/chile\/?s={search_term_string}"},"query-input":{"@type":"PropertyValueSpecification","valueRequired":true,"valueName":"search_term_string"}}],"inLanguage":"es"},{"@type":"Organization","@id":"https:\/\/www.spl-latam.com\/chile\/#organization","name":"Sociedad Punta de Lobos S.A.","url":"https:\/\/www.spl-latam.com\/chile\/","logo":{"@type":"ImageObject","inLanguage":"es","@id":"https:\/\/www.spl-latam.com\/chile\/#\/schema\/logo\/image\/","url":"https:\/\/www.spl-latam.com\/wp-content\/\/uploads\/sites\/2\/2023\/08\/cropped-fondo-blanco.png","contentUrl":"https:\/\/www.spl-latam.com\/wp-content\/\/uploads\/sites\/2\/2023\/08\/cropped-fondo-blanco.png","width":512,"height":512,"caption":"Sociedad Punta de Lobos S.A."},"image":{"@id":"https:\/\/www.spl-latam.com\/chile\/#\/schema\/logo\/image\/"},"sameAs":["https:\/\/www.facebook.com\/SalLobos","https:\/\/www.instagram.com\/sal_lobos\/","https:\/\/www.linkedin.com\/company\/sociedad-punta-de-lobos\/?originalSubdomain=cl"]}]}},"_links":{"self":[{"href":"https:\/\/www.spl-latam.com\/chile\/wp-json\/wp\/v2\/pages\/723","targetHints":{"allow":["GET"]}}],"collection":[{"href":"https:\/\/www.spl-latam.com\/chile\/wp-json\/wp\/v2\/pages"}],"about":[{"href":"https:\/\/www.spl-latam.com\/chile\/wp-json\/wp\/v2\/types\/page"}],"author":[{"embeddable":true,"href":"https:\/\/www.spl-latam.com\/chile\/wp-json\/wp\/v2\/users\/2"}],"replies":[{"embeddable":true,"href":"https:\/\/www.spl-latam.com\/chile\/wp-json\/wp\/v2\/comments?post=723"}],"version-history":[{"count":11,"href":"https:\/\/www.spl-latam.com\/chile\/wp-json\/wp\/v2\/pages\/723\/revisions"}],"predecessor-version":[{"id":8151,"href":"https:\/\/www.spl-latam.com\/chile\/wp-json\/wp\/v2\/pages\/723\/revisions\/8151"}],"wp:attachment":[{"href":"https:\/\/www.spl-latam.com\/chile\/wp-json\/wp\/v2\/media?parent=723"}],"wp:term":[{"taxonomy":"post_tag","embeddable":true,"href":"https:\/\/www.spl-latam.com\/chile\/wp-json\/wp\/v2\/tags?post=723"}],"curies":[{"name":"wp","href":"https:\/\/api.w.org\/{rel}","templated":true}]}}