{"id":1047,"date":"2021-06-15T22:08:59","date_gmt":"2021-06-15T22:08:59","guid":{"rendered":"https:\/\/www.spl-latam.com\/peru\/?page_id=1047"},"modified":"2023-11-17T09:52:41","modified_gmt":"2023-11-17T13:52:41","slug":"codigo-de-conducta","status":"publish","type":"page","link":"https:\/\/www.spl-latam.com\/peru\/codigo-de-conducta\/","title":{"rendered":"C\u00f3digo de Conducta"},"content":{"rendered":"","protected":false},"excerpt":{"rendered":"","protected":false},"author":6,"featured_media":0,"parent":0,"menu_order":0,"comment_status":"closed","ping_status":"closed","template":"","meta":{"_acf_changed":false,"footnotes":""},"tags":[],"class_list":["post-1047","page","type-page","status-publish","hentry"],"acf":[],"yoast_head":"<!-- This site is optimized with the Yoast SEO plugin v27.2 - https:\/\/yoast.com\/product\/yoast-seo-wordpress\/ -->\n<title>C\u00f3digo de Conducta - SPL Per\u00fa<\/title>\n<meta name=\"robots\" content=\"index, follow, max-snippet:-1, max-image-preview:large, max-video-preview:-1\" \/>\n<link rel=\"canonical\" href=\"https:\/\/www.spl-latam.com\/peru\/codigo-de-conducta\/\" \/>\n<meta property=\"og:locale\" content=\"es_ES\" \/>\n<meta property=\"og:type\" content=\"article\" \/>\n<meta property=\"og:title\" content=\"C\u00f3digo de Conducta - SPL Per\u00fa\" \/>\n<meta property=\"og:url\" content=\"https:\/\/www.spl-latam.com\/peru\/codigo-de-conducta\/\" \/>\n<meta property=\"og:site_name\" content=\"SPL Per\u00fa\" \/>\n<meta property=\"article:modified_time\" content=\"2023-11-17T13:52:41+00:00\" \/>\n<meta name=\"twitter:card\" content=\"summary_large_image\" \/>\n<script type=\"application\/ld+json\" class=\"yoast-schema-graph\">{\"@context\":\"https:\/\/schema.org\",\"@graph\":[{\"@type\":\"WebPage\",\"@id\":\"https:\/\/www.spl-latam.com\/peru\/codigo-de-conducta\/\",\"url\":\"https:\/\/www.spl-latam.com\/peru\/codigo-de-conducta\/\",\"name\":\"C\u00f3digo de Conducta - SPL Per\u00fa\",\"isPartOf\":{\"@id\":\"https:\/\/www.spl-latam.com\/peru\/#website\"},\"datePublished\":\"2021-06-15T22:08:59+00:00\",\"dateModified\":\"2023-11-17T13:52:41+00:00\",\"breadcrumb\":{\"@id\":\"https:\/\/www.spl-latam.com\/peru\/codigo-de-conducta\/#breadcrumb\"},\"inLanguage\":\"es\",\"potentialAction\":[{\"@type\":\"ReadAction\",\"target\":[\"https:\/\/www.spl-latam.com\/peru\/codigo-de-conducta\/\"]}]},{\"@type\":\"BreadcrumbList\",\"@id\":\"https:\/\/www.spl-latam.com\/peru\/codigo-de-conducta\/#breadcrumb\",\"itemListElement\":[{\"@type\":\"ListItem\",\"position\":1,\"name\":\"Home\",\"item\":\"https:\/\/www.spl-latam.com\/peru\/\"},{\"@type\":\"ListItem\",\"position\":2,\"name\":\"C\u00f3digo de Conducta\"}]},{\"@type\":\"WebSite\",\"@id\":\"https:\/\/www.spl-latam.com\/peru\/#website\",\"url\":\"https:\/\/www.spl-latam.com\/peru\/\",\"name\":\"SPL Per\u00fa\",\"description\":\"L\u00edder mundial en la producci\u00f3n de sal\",\"potentialAction\":[{\"@type\":\"SearchAction\",\"target\":{\"@type\":\"EntryPoint\",\"urlTemplate\":\"https:\/\/www.spl-latam.com\/peru\/?s={search_term_string}\"},\"query-input\":{\"@type\":\"PropertyValueSpecification\",\"valueRequired\":true,\"valueName\":\"search_term_string\"}}],\"inLanguage\":\"es\"}]}<\/script>\n<!-- \/ Yoast SEO plugin. -->","yoast_head_json":{"title":"C\u00f3digo de Conducta - SPL Per\u00fa","robots":{"index":"index","follow":"follow","max-snippet":"max-snippet:-1","max-image-preview":"max-image-preview:large","max-video-preview":"max-video-preview:-1"},"canonical":"https:\/\/www.spl-latam.com\/peru\/codigo-de-conducta\/","og_locale":"es_ES","og_type":"article","og_title":"C\u00f3digo de Conducta - SPL Per\u00fa","og_url":"https:\/\/www.spl-latam.com\/peru\/codigo-de-conducta\/","og_site_name":"SPL Per\u00fa","article_modified_time":"2023-11-17T13:52:41+00:00","twitter_card":"summary_large_image","schema":{"@context":"https:\/\/schema.org","@graph":[{"@type":"WebPage","@id":"https:\/\/www.spl-latam.com\/peru\/codigo-de-conducta\/","url":"https:\/\/www.spl-latam.com\/peru\/codigo-de-conducta\/","name":"C\u00f3digo de Conducta - SPL Per\u00fa","isPartOf":{"@id":"https:\/\/www.spl-latam.com\/peru\/#website"},"datePublished":"2021-06-15T22:08:59+00:00","dateModified":"2023-11-17T13:52:41+00:00","breadcrumb":{"@id":"https:\/\/www.spl-latam.com\/peru\/codigo-de-conducta\/#breadcrumb"},"inLanguage":"es","potentialAction":[{"@type":"ReadAction","target":["https:\/\/www.spl-latam.com\/peru\/codigo-de-conducta\/"]}]},{"@type":"BreadcrumbList","@id":"https:\/\/www.spl-latam.com\/peru\/codigo-de-conducta\/#breadcrumb","itemListElement":[{"@type":"ListItem","position":1,"name":"Home","item":"https:\/\/www.spl-latam.com\/peru\/"},{"@type":"ListItem","position":2,"name":"C\u00f3digo de Conducta"}]},{"@type":"WebSite","@id":"https:\/\/www.spl-latam.com\/peru\/#website","url":"https:\/\/www.spl-latam.com\/peru\/","name":"SPL Per\u00fa","description":"L\u00edder mundial en la producci\u00f3n de sal","potentialAction":[{"@type":"SearchAction","target":{"@type":"EntryPoint","urlTemplate":"https:\/\/www.spl-latam.com\/peru\/?s={search_term_string}"},"query-input":{"@type":"PropertyValueSpecification","valueRequired":true,"valueName":"search_term_string"}}],"inLanguage":"es"}]}},"_links":{"self":[{"href":"https:\/\/www.spl-latam.com\/peru\/wp-json\/wp\/v2\/pages\/1047","targetHints":{"allow":["GET"]}}],"collection":[{"href":"https:\/\/www.spl-latam.com\/peru\/wp-json\/wp\/v2\/pages"}],"about":[{"href":"https:\/\/www.spl-latam.com\/peru\/wp-json\/wp\/v2\/types\/page"}],"author":[{"embeddable":true,"href":"https:\/\/www.spl-latam.com\/peru\/wp-json\/wp\/v2\/users\/6"}],"replies":[{"embeddable":true,"href":"https:\/\/www.spl-latam.com\/peru\/wp-json\/wp\/v2\/comments?post=1047"}],"version-history":[{"count":2,"href":"https:\/\/www.spl-latam.com\/peru\/wp-json\/wp\/v2\/pages\/1047\/revisions"}],"predecessor-version":[{"id":1159,"href":"https:\/\/www.spl-latam.com\/peru\/wp-json\/wp\/v2\/pages\/1047\/revisions\/1159"}],"wp:attachment":[{"href":"https:\/\/www.spl-latam.com\/peru\/wp-json\/wp\/v2\/media?parent=1047"}],"wp:term":[{"taxonomy":"post_tag","embeddable":true,"href":"https:\/\/www.spl-latam.com\/peru\/wp-json\/wp\/v2\/tags?post=1047"}],"curies":[{"name":"wp","href":"https:\/\/api.w.org\/{rel}","templated":true}]}}