{"id":20,"date":"2020-11-23T20:03:10","date_gmt":"2020-11-23T20:03:10","guid":{"rendered":"https:\/\/www.spl-latam.com\/peru\/?page_id=20"},"modified":"2021-08-05T12:56:20","modified_gmt":"2021-08-05T16:56:20","slug":"nuestra-empresa","status":"publish","type":"page","link":"https:\/\/www.spl-latam.com\/peru\/nuestra-empresa\/","title":{"rendered":"Nuestra Empresa"},"content":{"rendered":"<p><strong>Sociedad Punta de Lobos\u00a0<span class=\"il\">Per\u00fa<\/span>\u00a0S.A.C.<\/strong>, es parte de la empresa<strong>\u00a0Stone\u00a0<span class=\"il\">Canyon<\/span> Industries<\/strong>.\u00a0 Nuestro foco est\u00e1 en el cliente, es por eso que buscamos entregarles un servicio integral para convertirnos en verdaderos socios estrat\u00e9gicos y ayudarlos de esta manera a mejorar sus resultados y eficiencia.<\/p>\n","protected":false},"excerpt":{"rendered":"<p>Sociedad Punta de Lobos\u00a0Per\u00fa\u00a0S.A.C., es parte de la empresa\u00a0Stone\u00a0Canyon Industries.\u00a0 Nuestro foco est\u00e1 en el cliente, es por eso que buscamos entregarles un servicio integral para convertirnos en verdaderos socios estrat\u00e9gicos y ayudarlos de esta manera a mejorar sus resultados y eficiencia.<\/p>\n","protected":false},"author":6,"featured_media":0,"parent":0,"menu_order":0,"comment_status":"closed","ping_status":"closed","template":"template-nuestra-empresa.php","meta":{"_acf_changed":false,"footnotes":""},"tags":[22,13,14,19,18,17,21,20,16,15],"class_list":["post-20","page","type-page","status-publish","hentry","tag-deicing-salt","tag-ks","tag-ks-peru","tag-mineria","tag-para-para-industrias","tag-sal-de-alta-pureza","tag-sal-de-consumo","tag-sal-de-exportacion","tag-sal-industrial-peru","tag-sal-peru"],"acf":[],"yoast_head":"<!-- This site is optimized with the Yoast SEO plugin v27.2 - https:\/\/yoast.com\/product\/yoast-seo-wordpress\/ -->\n<title>Nuestra Empresa - SPL Per\u00fa<\/title>\n<meta name=\"robots\" content=\"index, follow, max-snippet:-1, max-image-preview:large, max-video-preview:-1\" \/>\n<link rel=\"canonical\" href=\"https:\/\/www.spl-latam.com\/peru\/nuestra-empresa\/\" \/>\n<meta property=\"og:locale\" content=\"es_ES\" \/>\n<meta property=\"og:type\" content=\"article\" \/>\n<meta property=\"og:title\" content=\"Nuestra Empresa - SPL Per\u00fa\" \/>\n<meta property=\"og:description\" content=\"Sociedad Punta de Lobos\u00a0Per\u00fa\u00a0S.A.C., es parte de la empresa\u00a0Stone\u00a0Canyon Industries.\u00a0 Nuestro foco est\u00e1 en el cliente, es por eso que buscamos entregarles un servicio integral para convertirnos en verdaderos socios estrat\u00e9gicos y ayudarlos de esta manera a mejorar sus resultados y eficiencia.\" \/>\n<meta property=\"og:url\" content=\"https:\/\/www.spl-latam.com\/peru\/nuestra-empresa\/\" \/>\n<meta property=\"og:site_name\" content=\"SPL Per\u00fa\" \/>\n<meta property=\"article:modified_time\" content=\"2021-08-05T16:56:20+00:00\" \/>\n<meta name=\"twitter:card\" content=\"summary_large_image\" \/>\n<meta name=\"twitter:label1\" content=\"Tiempo de lectura\" \/>\n\t<meta name=\"twitter:data1\" content=\"1 minuto\" \/>\n<script type=\"application\/ld+json\" class=\"yoast-schema-graph\">{\"@context\":\"https:\/\/schema.org\",\"@graph\":[{\"@type\":\"WebPage\",\"@id\":\"https:\/\/www.spl-latam.com\/peru\/nuestra-empresa\/\",\"url\":\"https:\/\/www.spl-latam.com\/peru\/nuestra-empresa\/\",\"name\":\"Nuestra Empresa - SPL Per\u00fa\",\"isPartOf\":{\"@id\":\"https:\/\/www.spl-latam.com\/peru\/#website\"},\"datePublished\":\"2020-11-23T20:03:10+00:00\",\"dateModified\":\"2021-08-05T16:56:20+00:00\",\"breadcrumb\":{\"@id\":\"https:\/\/www.spl-latam.com\/peru\/nuestra-empresa\/#breadcrumb\"},\"inLanguage\":\"es\",\"potentialAction\":[{\"@type\":\"ReadAction\",\"target\":[\"https:\/\/www.spl-latam.com\/peru\/nuestra-empresa\/\"]}]},{\"@type\":\"BreadcrumbList\",\"@id\":\"https:\/\/www.spl-latam.com\/peru\/nuestra-empresa\/#breadcrumb\",\"itemListElement\":[{\"@type\":\"ListItem\",\"position\":1,\"name\":\"Home\",\"item\":\"https:\/\/www.spl-latam.com\/peru\/\"},{\"@type\":\"ListItem\",\"position\":2,\"name\":\"Nuestra Empresa\"}]},{\"@type\":\"WebSite\",\"@id\":\"https:\/\/www.spl-latam.com\/peru\/#website\",\"url\":\"https:\/\/www.spl-latam.com\/peru\/\",\"name\":\"SPL Per\u00fa\",\"description\":\"L\u00edder mundial en la producci\u00f3n de sal\",\"potentialAction\":[{\"@type\":\"SearchAction\",\"target\":{\"@type\":\"EntryPoint\",\"urlTemplate\":\"https:\/\/www.spl-latam.com\/peru\/?s={search_term_string}\"},\"query-input\":{\"@type\":\"PropertyValueSpecification\",\"valueRequired\":true,\"valueName\":\"search_term_string\"}}],\"inLanguage\":\"es\"}]}<\/script>\n<!-- \/ Yoast SEO plugin. -->","yoast_head_json":{"title":"Nuestra Empresa - SPL Per\u00fa","robots":{"index":"index","follow":"follow","max-snippet":"max-snippet:-1","max-image-preview":"max-image-preview:large","max-video-preview":"max-video-preview:-1"},"canonical":"https:\/\/www.spl-latam.com\/peru\/nuestra-empresa\/","og_locale":"es_ES","og_type":"article","og_title":"Nuestra Empresa - SPL Per\u00fa","og_description":"Sociedad Punta de Lobos\u00a0Per\u00fa\u00a0S.A.C., es parte de la empresa\u00a0Stone\u00a0Canyon Industries.\u00a0 Nuestro foco est\u00e1 en el cliente, es por eso que buscamos entregarles un servicio integral para convertirnos en verdaderos socios estrat\u00e9gicos y ayudarlos de esta manera a mejorar sus resultados y eficiencia.","og_url":"https:\/\/www.spl-latam.com\/peru\/nuestra-empresa\/","og_site_name":"SPL Per\u00fa","article_modified_time":"2021-08-05T16:56:20+00:00","twitter_card":"summary_large_image","twitter_misc":{"Tiempo de lectura":"1 minuto"},"schema":{"@context":"https:\/\/schema.org","@graph":[{"@type":"WebPage","@id":"https:\/\/www.spl-latam.com\/peru\/nuestra-empresa\/","url":"https:\/\/www.spl-latam.com\/peru\/nuestra-empresa\/","name":"Nuestra Empresa - SPL Per\u00fa","isPartOf":{"@id":"https:\/\/www.spl-latam.com\/peru\/#website"},"datePublished":"2020-11-23T20:03:10+00:00","dateModified":"2021-08-05T16:56:20+00:00","breadcrumb":{"@id":"https:\/\/www.spl-latam.com\/peru\/nuestra-empresa\/#breadcrumb"},"inLanguage":"es","potentialAction":[{"@type":"ReadAction","target":["https:\/\/www.spl-latam.com\/peru\/nuestra-empresa\/"]}]},{"@type":"BreadcrumbList","@id":"https:\/\/www.spl-latam.com\/peru\/nuestra-empresa\/#breadcrumb","itemListElement":[{"@type":"ListItem","position":1,"name":"Home","item":"https:\/\/www.spl-latam.com\/peru\/"},{"@type":"ListItem","position":2,"name":"Nuestra Empresa"}]},{"@type":"WebSite","@id":"https:\/\/www.spl-latam.com\/peru\/#website","url":"https:\/\/www.spl-latam.com\/peru\/","name":"SPL Per\u00fa","description":"L\u00edder mundial en la producci\u00f3n de sal","potentialAction":[{"@type":"SearchAction","target":{"@type":"EntryPoint","urlTemplate":"https:\/\/www.spl-latam.com\/peru\/?s={search_term_string}"},"query-input":{"@type":"PropertyValueSpecification","valueRequired":true,"valueName":"search_term_string"}}],"inLanguage":"es"}]}},"_links":{"self":[{"href":"https:\/\/www.spl-latam.com\/peru\/wp-json\/wp\/v2\/pages\/20","targetHints":{"allow":["GET"]}}],"collection":[{"href":"https:\/\/www.spl-latam.com\/peru\/wp-json\/wp\/v2\/pages"}],"about":[{"href":"https:\/\/www.spl-latam.com\/peru\/wp-json\/wp\/v2\/types\/page"}],"author":[{"embeddable":true,"href":"https:\/\/www.spl-latam.com\/peru\/wp-json\/wp\/v2\/users\/6"}],"replies":[{"embeddable":true,"href":"https:\/\/www.spl-latam.com\/peru\/wp-json\/wp\/v2\/comments?post=20"}],"version-history":[{"count":16,"href":"https:\/\/www.spl-latam.com\/peru\/wp-json\/wp\/v2\/pages\/20\/revisions"}],"predecessor-version":[{"id":1078,"href":"https:\/\/www.spl-latam.com\/peru\/wp-json\/wp\/v2\/pages\/20\/revisions\/1078"}],"wp:attachment":[{"href":"https:\/\/www.spl-latam.com\/peru\/wp-json\/wp\/v2\/media?parent=20"}],"wp:term":[{"taxonomy":"post_tag","embeddable":true,"href":"https:\/\/www.spl-latam.com\/peru\/wp-json\/wp\/v2\/tags?post=20"}],"curies":[{"name":"wp","href":"https:\/\/api.w.org\/{rel}","templated":true}]}}