{"id":531,"date":"2020-12-28T13:33:07","date_gmt":"2020-12-28T13:33:07","guid":{"rendered":"https:\/\/www.spl-latam.com\/peru\/?page_id=531"},"modified":"2021-05-19T20:39:12","modified_gmt":"2021-05-19T20:39:12","slug":"politica-de-cookies-ks-peru-s-a-c","status":"publish","type":"page","link":"https:\/\/www.spl-latam.com\/peru\/politica-de-cookies-ks-peru-s-a-c\/","title":{"rendered":"Pol\u00edtica de Cookies Sociedad Punta de Lobos\u00a0Per\u00fa\u00a0S.A.C."},"content":{"rendered":"<p class=\"p1\"><span class=\"s1\"><b>Pol\u00edtica de Cookies Sociedad Punta de Lobos Per\u00fa S.A.C. <\/b><\/span><\/p>\n<p><b>1. Que es una Cookie<\/b><\/p>\n<p class=\"p3\">Las cookies son peque\u00f1os archivos de texto que las aplicaciones o los sitios web que visita ponen en su ordenador. Las cookies son utilizadas para para mejorar y optimizar la experiencia del usuario de nuestros sitios web.<\/p>\n<p class=\"p3\">En definitiva, una cookie no es m\u00e1s que una sucesi\u00f3n de datos de navegaci\u00f3n que se almacenan en el equipo del usuario y que las p\u00e1ginas web detectan y reconocen para \u201crecordar\u201d dicha navegaci\u00f3n.<\/p>\n<p class=\"p3\">La informaci\u00f3n que recabamos de las cookies nos permite:<\/p>\n<ul class=\"ul1\">\n<li class=\"li3\">Asegurar que las p\u00e1ginas web pueden funcionar correctamente.<\/li>\n<li class=\"li3\">Desde un punto de vista t\u00e9cnico, permiten que los sitios web funcionen de forma m\u00e1s \u00e1gil y adaptada a las preferencias de los usuarios, como por ejemplo almacenar el idioma, la moneda del pa\u00eds o detectar el dispositivo de acceso.<\/li>\n<li class=\"li3\">Adecuar nuestros sitios web a sus necesidades personales.<\/li>\n<li class=\"li3\">Recordar las notificaciones que se le han mostrado, de forma que no se le muestren de nuevo.<\/li>\n<li class=\"li3\">Hacer mejoras y actualizaciones en nuestros sitios web basadas en la forma en la que usted quiere utilizarlas.<\/li>\n<li class=\"li3\">Establecen niveles de protecci\u00f3n y seguridad que impiden o dificultan ciberataques contra el sitio web o sus usuarios.<\/li>\n<\/ul>\n<p><b>2. Que Cookies Utilizamos<\/b><\/p>\n<ol>\n<li style=\"list-style-type: none\">\n<ol class=\"ol2\">\n<li class=\"li3\">Cookies Necesarias<\/li>\n<\/ol>\n<\/li>\n<\/ol>\n<p class=\"p5\"><i>Las cookies necesarias le permiten usar nuestros sitios web y todas sus funciones, como habilitar el acceso a \u00e1reas seguras del sitio web. Sin estas cookies, puede que usted no pueda hacer uso de todas las funciones de nuestros sitios web.<\/i><\/p>\n<ol class=\"ol1\">\n<li style=\"list-style-type: none\">\n<ol class=\"ol2\">\n<li class=\"li3\">Cookies de Rendimiento<\/li>\n<\/ol>\n<\/li>\n<\/ol>\n<p class=\"p5\">Las cookies de rendimiento recogen informaci\u00f3n acerca de c\u00f3mo usted usa nuestros sitios web, de forma que podamos mejorarlas para usted en el futuro. No recogen ninguna informaci\u00f3n que pueda identificarle personalmente.<\/p>\n<ol class=\"ol1\">\n<li style=\"list-style-type: none\">\n<ol class=\"ol2\">\n<li class=\"li3\">Cookie de Funcionalidad<\/li>\n<\/ol>\n<\/li>\n<\/ol>\n<p class=\"p5\">Las cookies de funcionalidad nos permiten proporcionarle una experiencia m\u00e1s personalizada. Nos ayudan a recordar datos como su nombre de usuario y su idioma seleccionado para que no tenga que introducirlos de nuevo la pr\u00f3xima vez que nos visite. La informaci\u00f3n recogida por estas cookies es an\u00f3nima. No puede ser rastreada su actividad al navegar por otros sitios web.<\/p>\n<ol class=\"ol1\">\n<li style=\"list-style-type: none\">\n<ol class=\"ol2\">\n<li class=\"li3\">Cookies de Publicidad\/Objetivo<\/li>\n<\/ol>\n<\/li>\n<\/ol>\n<p class=\"p5\">Las cookies publicitarias permiten gestionar, de la forma m\u00e1s eficaz posible, los espacios publicitarios incluidos en nuestra p\u00e1gina web, en base a criterios como el contenido editado o la frecuencia con la que se muestran los anuncios.<\/p>\n<ol class=\"ol1\">\n<li style=\"list-style-type: none\">\n<ol class=\"ol2\">\n<li class=\"li3\">Cookies de Medios\/Redes Sociales<\/li>\n<\/ol>\n<\/li>\n<\/ol>\n<p class=\"p5\">Son aqu\u00e9llas que ofrecen la posibilidad de conectarse a las mismas y compartir contenidos con nosotros y otros usuarios de las redes y obtener informaci\u00f3n sobre el uso que hace de nuestras cuentas en redes sociales.<\/p>\n<p><b>3. Duraci\u00f3n de las Cookies<\/b><\/p>\n<p class=\"p3\">Las cookies utilizadas tienen distintas duraci\u00f3n.<\/p>\n<p><b>4. Aceptaci\u00f3n Pol\u00edtica de Cookies.<\/b><\/p>\n<p class=\"p3\">Continuar con la<span class=\"Apple-converted-space\">\u00a0 <\/span>navegaci\u00f3n por nuestra p\u00e1gina web da por aceptada el uso de las Cookies en las condiciones contenidas en la presente Pol\u00edtica de Cookies.<\/p>\n<p class=\"p3\">En caso de no conformidad con la Pol\u00edtica mencionada, todos los navegadores de Internet permiten limitar el comportamiento de una cookie o desactivar\/bloquear y\/o eliminar las cookies dentro de la configuraci\u00f3n o las opciones del navegador. Los pasos para hacerlo son diferentes para cada navegador, pudi\u00e9ndose encontrar instrucciones en el men\u00fa de ayuda de su navegador.<\/p>\n<p class=\"p3\">Muchos navegadores permiten, adem\u00e1s, activar un modo privado mediante el cual las cookies se borran siempre despu\u00e9s de la visita. Dependiendo de cada navegador este modo privado, puede tener diferentes nombres.<\/p>\n<p class=\"p3\">Es importante se\u00f1alar que en el caso de limitar el comportamiento de una cookie o al desactivar las mismas, puede afectar el desempe\u00f1o del funcionamiento normal del sitio web.<\/p>\n<p class=\"p3\"><b>Fecha: 14 de abril de 2021. <\/b><\/p>\n","protected":false},"excerpt":{"rendered":"<p>Pol\u00edtica de Cookies Sociedad Punta de Lobos Per\u00fa S.A.C. 1. Que es una Cookie Las cookies son peque\u00f1os archivos de texto que las aplicaciones o los sitios web que visita ponen en su ordenador. Las cookies son utilizadas para para mejorar y optimizar la experiencia del usuario de nuestros sitios web. En definitiva, una cookie [&hellip;]<\/p>\n","protected":false},"author":6,"featured_media":0,"parent":0,"menu_order":0,"comment_status":"closed","ping_status":"closed","template":"","meta":{"_acf_changed":false,"footnotes":""},"tags":[],"class_list":["post-531","page","type-page","status-publish","hentry"],"acf":[],"yoast_head":"<!-- This site is optimized with the Yoast SEO plugin v27.2 - https:\/\/yoast.com\/product\/yoast-seo-wordpress\/ -->\n<title>Pol\u00edtica de Cookies Sociedad Punta de Lobos\u00a0Per\u00fa\u00a0S.A.C. - SPL Per\u00fa<\/title>\n<meta name=\"robots\" content=\"index, follow, max-snippet:-1, max-image-preview:large, max-video-preview:-1\" \/>\n<link rel=\"canonical\" href=\"https:\/\/www.spl-latam.com\/peru\/politica-de-cookies-ks-peru-s-a-c\/\" \/>\n<meta property=\"og:locale\" content=\"es_ES\" \/>\n<meta property=\"og:type\" content=\"article\" \/>\n<meta property=\"og:title\" content=\"Pol\u00edtica de Cookies Sociedad Punta de Lobos\u00a0Per\u00fa\u00a0S.A.C. - SPL Per\u00fa\" \/>\n<meta property=\"og:description\" content=\"Pol\u00edtica de Cookies Sociedad Punta de Lobos Per\u00fa S.A.C. 1. Que es una Cookie Las cookies son peque\u00f1os archivos de texto que las aplicaciones o los sitios web que visita ponen en su ordenador. Las cookies son utilizadas para para mejorar y optimizar la experiencia del usuario de nuestros sitios web. En definitiva, una cookie [&hellip;]\" \/>\n<meta property=\"og:url\" content=\"https:\/\/www.spl-latam.com\/peru\/politica-de-cookies-ks-peru-s-a-c\/\" \/>\n<meta property=\"og:site_name\" content=\"SPL Per\u00fa\" \/>\n<meta property=\"article:modified_time\" content=\"2021-05-19T20:39:12+00:00\" \/>\n<meta name=\"twitter:card\" content=\"summary_large_image\" \/>\n<meta name=\"twitter:label1\" content=\"Tiempo de lectura\" \/>\n\t<meta name=\"twitter:data1\" content=\"3 minutos\" \/>\n<script type=\"application\/ld+json\" class=\"yoast-schema-graph\">{\"@context\":\"https:\/\/schema.org\",\"@graph\":[{\"@type\":\"WebPage\",\"@id\":\"https:\/\/www.spl-latam.com\/peru\/politica-de-cookies-ks-peru-s-a-c\/\",\"url\":\"https:\/\/www.spl-latam.com\/peru\/politica-de-cookies-ks-peru-s-a-c\/\",\"name\":\"Pol\u00edtica de Cookies Sociedad Punta de Lobos\u00a0Per\u00fa\u00a0S.A.C. - SPL Per\u00fa\",\"isPartOf\":{\"@id\":\"https:\/\/www.spl-latam.com\/peru\/#website\"},\"datePublished\":\"2020-12-28T13:33:07+00:00\",\"dateModified\":\"2021-05-19T20:39:12+00:00\",\"breadcrumb\":{\"@id\":\"https:\/\/www.spl-latam.com\/peru\/politica-de-cookies-ks-peru-s-a-c\/#breadcrumb\"},\"inLanguage\":\"es\",\"potentialAction\":[{\"@type\":\"ReadAction\",\"target\":[\"https:\/\/www.spl-latam.com\/peru\/politica-de-cookies-ks-peru-s-a-c\/\"]}]},{\"@type\":\"BreadcrumbList\",\"@id\":\"https:\/\/www.spl-latam.com\/peru\/politica-de-cookies-ks-peru-s-a-c\/#breadcrumb\",\"itemListElement\":[{\"@type\":\"ListItem\",\"position\":1,\"name\":\"Home\",\"item\":\"https:\/\/www.spl-latam.com\/peru\/\"},{\"@type\":\"ListItem\",\"position\":2,\"name\":\"Pol\u00edtica de Cookies Sociedad Punta de Lobos\u00a0Per\u00fa\u00a0S.A.C.\"}]},{\"@type\":\"WebSite\",\"@id\":\"https:\/\/www.spl-latam.com\/peru\/#website\",\"url\":\"https:\/\/www.spl-latam.com\/peru\/\",\"name\":\"SPL Per\u00fa\",\"description\":\"L\u00edder mundial en la producci\u00f3n de sal\",\"potentialAction\":[{\"@type\":\"SearchAction\",\"target\":{\"@type\":\"EntryPoint\",\"urlTemplate\":\"https:\/\/www.spl-latam.com\/peru\/?s={search_term_string}\"},\"query-input\":{\"@type\":\"PropertyValueSpecification\",\"valueRequired\":true,\"valueName\":\"search_term_string\"}}],\"inLanguage\":\"es\"}]}<\/script>\n<!-- \/ Yoast SEO plugin. -->","yoast_head_json":{"title":"Pol\u00edtica de Cookies Sociedad Punta de Lobos\u00a0Per\u00fa\u00a0S.A.C. - SPL Per\u00fa","robots":{"index":"index","follow":"follow","max-snippet":"max-snippet:-1","max-image-preview":"max-image-preview:large","max-video-preview":"max-video-preview:-1"},"canonical":"https:\/\/www.spl-latam.com\/peru\/politica-de-cookies-ks-peru-s-a-c\/","og_locale":"es_ES","og_type":"article","og_title":"Pol\u00edtica de Cookies Sociedad Punta de Lobos\u00a0Per\u00fa\u00a0S.A.C. - SPL Per\u00fa","og_description":"Pol\u00edtica de Cookies Sociedad Punta de Lobos Per\u00fa S.A.C. 1. Que es una Cookie Las cookies son peque\u00f1os archivos de texto que las aplicaciones o los sitios web que visita ponen en su ordenador. Las cookies son utilizadas para para mejorar y optimizar la experiencia del usuario de nuestros sitios web. En definitiva, una cookie [&hellip;]","og_url":"https:\/\/www.spl-latam.com\/peru\/politica-de-cookies-ks-peru-s-a-c\/","og_site_name":"SPL Per\u00fa","article_modified_time":"2021-05-19T20:39:12+00:00","twitter_card":"summary_large_image","twitter_misc":{"Tiempo de lectura":"3 minutos"},"schema":{"@context":"https:\/\/schema.org","@graph":[{"@type":"WebPage","@id":"https:\/\/www.spl-latam.com\/peru\/politica-de-cookies-ks-peru-s-a-c\/","url":"https:\/\/www.spl-latam.com\/peru\/politica-de-cookies-ks-peru-s-a-c\/","name":"Pol\u00edtica de Cookies Sociedad Punta de Lobos\u00a0Per\u00fa\u00a0S.A.C. - SPL Per\u00fa","isPartOf":{"@id":"https:\/\/www.spl-latam.com\/peru\/#website"},"datePublished":"2020-12-28T13:33:07+00:00","dateModified":"2021-05-19T20:39:12+00:00","breadcrumb":{"@id":"https:\/\/www.spl-latam.com\/peru\/politica-de-cookies-ks-peru-s-a-c\/#breadcrumb"},"inLanguage":"es","potentialAction":[{"@type":"ReadAction","target":["https:\/\/www.spl-latam.com\/peru\/politica-de-cookies-ks-peru-s-a-c\/"]}]},{"@type":"BreadcrumbList","@id":"https:\/\/www.spl-latam.com\/peru\/politica-de-cookies-ks-peru-s-a-c\/#breadcrumb","itemListElement":[{"@type":"ListItem","position":1,"name":"Home","item":"https:\/\/www.spl-latam.com\/peru\/"},{"@type":"ListItem","position":2,"name":"Pol\u00edtica de Cookies Sociedad Punta de Lobos\u00a0Per\u00fa\u00a0S.A.C."}]},{"@type":"WebSite","@id":"https:\/\/www.spl-latam.com\/peru\/#website","url":"https:\/\/www.spl-latam.com\/peru\/","name":"SPL Per\u00fa","description":"L\u00edder mundial en la producci\u00f3n de sal","potentialAction":[{"@type":"SearchAction","target":{"@type":"EntryPoint","urlTemplate":"https:\/\/www.spl-latam.com\/peru\/?s={search_term_string}"},"query-input":{"@type":"PropertyValueSpecification","valueRequired":true,"valueName":"search_term_string"}}],"inLanguage":"es"}]}},"_links":{"self":[{"href":"https:\/\/www.spl-latam.com\/peru\/wp-json\/wp\/v2\/pages\/531","targetHints":{"allow":["GET"]}}],"collection":[{"href":"https:\/\/www.spl-latam.com\/peru\/wp-json\/wp\/v2\/pages"}],"about":[{"href":"https:\/\/www.spl-latam.com\/peru\/wp-json\/wp\/v2\/types\/page"}],"author":[{"embeddable":true,"href":"https:\/\/www.spl-latam.com\/peru\/wp-json\/wp\/v2\/users\/6"}],"replies":[{"embeddable":true,"href":"https:\/\/www.spl-latam.com\/peru\/wp-json\/wp\/v2\/comments?post=531"}],"version-history":[{"count":5,"href":"https:\/\/www.spl-latam.com\/peru\/wp-json\/wp\/v2\/pages\/531\/revisions"}],"predecessor-version":[{"id":979,"href":"https:\/\/www.spl-latam.com\/peru\/wp-json\/wp\/v2\/pages\/531\/revisions\/979"}],"wp:attachment":[{"href":"https:\/\/www.spl-latam.com\/peru\/wp-json\/wp\/v2\/media?parent=531"}],"wp:term":[{"taxonomy":"post_tag","embeddable":true,"href":"https:\/\/www.spl-latam.com\/peru\/wp-json\/wp\/v2\/tags?post=531"}],"curies":[{"name":"wp","href":"https:\/\/api.w.org\/{rel}","templated":true}]}}