{"id":132,"date":"2020-04-14T05:39:34","date_gmt":"2020-04-14T05:39:34","guid":{"rendered":"https:\/\/www.spl-latam.com\/?page_id=132"},"modified":"2020-04-15T04:30:39","modified_gmt":"2020-04-15T04:30:39","slug":"homepage","status":"publish","type":"page","link":"https:\/\/www.spl-latam.com\/pt-br\/","title":{"rendered":"Homepage"},"content":{"rendered":"\r\n<p>Homepage selecci\u00f3n de pa\u00edses<\/p>\r\n","protected":false},"excerpt":{"rendered":"<p>Homepage selecci\u00f3n de pa\u00edses<\/p>\n","protected":false},"author":2,"featured_media":0,"parent":0,"menu_order":0,"comment_status":"closed","ping_status":"closed","template":"homepage-global.php","meta":{"_acf_changed":false,"footnotes":""},"tags":[],"class_list":["post-132","page","type-page","status-publish","hentry"],"acf":[],"yoast_head":"<!-- This site is optimized with the Yoast SEO plugin v27.2 - https:\/\/yoast.com\/product\/yoast-seo-wordpress\/ -->\n<title>Homepage - SPL Latam<\/title>\n<meta name=\"robots\" content=\"index, follow, max-snippet:-1, max-image-preview:large, max-video-preview:-1\" \/>\n<link rel=\"canonical\" href=\"https:\/\/www.spl-latam.com\/\" \/>\n<meta property=\"og:locale\" content=\"pt_BR\" \/>\n<meta property=\"og:type\" content=\"article\" \/>\n<meta property=\"og:title\" content=\"Homepage - SPL Latam\" \/>\n<meta property=\"og:description\" content=\"Homepage selecci\u00f3n de pa\u00edses\" \/>\n<meta property=\"og:url\" content=\"https:\/\/www.spl-latam.com\/\" \/>\n<meta property=\"og:site_name\" content=\"SPL Latam\" \/>\n<meta property=\"article:publisher\" content=\"https:\/\/www.facebook.com\/SalLobos\" \/>\n<meta property=\"article:modified_time\" content=\"2020-04-15T04:30:39+00:00\" \/>\n<meta name=\"twitter:card\" content=\"summary_large_image\" \/>\n<script type=\"application\/ld+json\" class=\"yoast-schema-graph\">{\"@context\":\"https:\/\/schema.org\",\"@graph\":[{\"@type\":\"WebPage\",\"@id\":\"https:\/\/www.spl-latam.com\/\",\"url\":\"https:\/\/www.spl-latam.com\/\",\"name\":\"Homepage - SPL Latam\",\"isPartOf\":{\"@id\":\"https:\/\/www.spl-latam.com\/#website\"},\"datePublished\":\"2020-04-14T05:39:34+00:00\",\"dateModified\":\"2020-04-15T04:30:39+00:00\",\"breadcrumb\":{\"@id\":\"https:\/\/www.spl-latam.com\/#breadcrumb\"},\"inLanguage\":\"pt-BR\",\"potentialAction\":[{\"@type\":\"ReadAction\",\"target\":[\"https:\/\/www.spl-latam.com\/\"]}]},{\"@type\":\"BreadcrumbList\",\"@id\":\"https:\/\/www.spl-latam.com\/#breadcrumb\",\"itemListElement\":[{\"@type\":\"ListItem\",\"position\":1,\"name\":\"Home\",\"item\":\"https:\/\/www.spl-latam.com\/\"},{\"@type\":\"ListItem\",\"position\":2,\"name\":\"Homepage\"}]},{\"@type\":\"WebSite\",\"@id\":\"https:\/\/www.spl-latam.com\/#website\",\"url\":\"https:\/\/www.spl-latam.com\/\",\"name\":\"SPL Latam\",\"description\":\"L\u00edderes en producci\u00f3n y comercializaci\u00f3n de sal\",\"publisher\":{\"@id\":\"https:\/\/www.spl-latam.com\/#organization\"},\"potentialAction\":[{\"@type\":\"SearchAction\",\"target\":{\"@type\":\"EntryPoint\",\"urlTemplate\":\"https:\/\/www.spl-latam.com\/?s={search_term_string}\"},\"query-input\":{\"@type\":\"PropertyValueSpecification\",\"valueRequired\":true,\"valueName\":\"search_term_string\"}}],\"inLanguage\":\"pt-BR\"},{\"@type\":\"Organization\",\"@id\":\"https:\/\/www.spl-latam.com\/#organization\",\"name\":\"Sociedad Punta de Lobos S.A.\",\"url\":\"https:\/\/www.spl-latam.com\/\",\"logo\":{\"@type\":\"ImageObject\",\"inLanguage\":\"pt-BR\",\"@id\":\"https:\/\/www.spl-latam.com\/#\/schema\/logo\/image\/\",\"url\":\"https:\/\/www.spl-latam.com\/wp-content\/\/uploads\/2023\/08\/cropped-fondo-blanco.png\",\"contentUrl\":\"https:\/\/www.spl-latam.com\/wp-content\/\/uploads\/2023\/08\/cropped-fondo-blanco.png\",\"width\":512,\"height\":512,\"caption\":\"Sociedad Punta de Lobos S.A.\"},\"image\":{\"@id\":\"https:\/\/www.spl-latam.com\/#\/schema\/logo\/image\/\"},\"sameAs\":[\"https:\/\/www.facebook.com\/SalLobos\",\"https:\/\/www.instagram.com\/sal_lobos\/\",\"https:\/\/www.linkedin.com\/company\/sociedad-punta-de-lobos\/\"]}]}<\/script>\n<!-- \/ Yoast SEO plugin. -->","yoast_head_json":{"title":"Homepage - SPL Latam","robots":{"index":"index","follow":"follow","max-snippet":"max-snippet:-1","max-image-preview":"max-image-preview:large","max-video-preview":"max-video-preview:-1"},"canonical":"https:\/\/www.spl-latam.com\/","og_locale":"pt_BR","og_type":"article","og_title":"Homepage - SPL Latam","og_description":"Homepage selecci\u00f3n de pa\u00edses","og_url":"https:\/\/www.spl-latam.com\/","og_site_name":"SPL Latam","article_publisher":"https:\/\/www.facebook.com\/SalLobos","article_modified_time":"2020-04-15T04:30:39+00:00","twitter_card":"summary_large_image","schema":{"@context":"https:\/\/schema.org","@graph":[{"@type":"WebPage","@id":"https:\/\/www.spl-latam.com\/","url":"https:\/\/www.spl-latam.com\/","name":"Homepage - SPL Latam","isPartOf":{"@id":"https:\/\/www.spl-latam.com\/#website"},"datePublished":"2020-04-14T05:39:34+00:00","dateModified":"2020-04-15T04:30:39+00:00","breadcrumb":{"@id":"https:\/\/www.spl-latam.com\/#breadcrumb"},"inLanguage":"pt-BR","potentialAction":[{"@type":"ReadAction","target":["https:\/\/www.spl-latam.com\/"]}]},{"@type":"BreadcrumbList","@id":"https:\/\/www.spl-latam.com\/#breadcrumb","itemListElement":[{"@type":"ListItem","position":1,"name":"Home","item":"https:\/\/www.spl-latam.com\/"},{"@type":"ListItem","position":2,"name":"Homepage"}]},{"@type":"WebSite","@id":"https:\/\/www.spl-latam.com\/#website","url":"https:\/\/www.spl-latam.com\/","name":"SPL Latam","description":"L\u00edderes en producci\u00f3n y comercializaci\u00f3n de sal","publisher":{"@id":"https:\/\/www.spl-latam.com\/#organization"},"potentialAction":[{"@type":"SearchAction","target":{"@type":"EntryPoint","urlTemplate":"https:\/\/www.spl-latam.com\/?s={search_term_string}"},"query-input":{"@type":"PropertyValueSpecification","valueRequired":true,"valueName":"search_term_string"}}],"inLanguage":"pt-BR"},{"@type":"Organization","@id":"https:\/\/www.spl-latam.com\/#organization","name":"Sociedad Punta de Lobos S.A.","url":"https:\/\/www.spl-latam.com\/","logo":{"@type":"ImageObject","inLanguage":"pt-BR","@id":"https:\/\/www.spl-latam.com\/#\/schema\/logo\/image\/","url":"https:\/\/www.spl-latam.com\/wp-content\/\/uploads\/2023\/08\/cropped-fondo-blanco.png","contentUrl":"https:\/\/www.spl-latam.com\/wp-content\/\/uploads\/2023\/08\/cropped-fondo-blanco.png","width":512,"height":512,"caption":"Sociedad Punta de Lobos S.A."},"image":{"@id":"https:\/\/www.spl-latam.com\/#\/schema\/logo\/image\/"},"sameAs":["https:\/\/www.facebook.com\/SalLobos","https:\/\/www.instagram.com\/sal_lobos\/","https:\/\/www.linkedin.com\/company\/sociedad-punta-de-lobos\/"]}]}},"_links":{"self":[{"href":"https:\/\/www.spl-latam.com\/pt-br\/wp-json\/wp\/v2\/pages\/132","targetHints":{"allow":["GET"]}}],"collection":[{"href":"https:\/\/www.spl-latam.com\/pt-br\/wp-json\/wp\/v2\/pages"}],"about":[{"href":"https:\/\/www.spl-latam.com\/pt-br\/wp-json\/wp\/v2\/types\/page"}],"author":[{"embeddable":true,"href":"https:\/\/www.spl-latam.com\/pt-br\/wp-json\/wp\/v2\/users\/2"}],"replies":[{"embeddable":true,"href":"https:\/\/www.spl-latam.com\/pt-br\/wp-json\/wp\/v2\/comments?post=132"}],"version-history":[{"count":3,"href":"https:\/\/www.spl-latam.com\/pt-br\/wp-json\/wp\/v2\/pages\/132\/revisions"}],"predecessor-version":[{"id":137,"href":"https:\/\/www.spl-latam.com\/pt-br\/wp-json\/wp\/v2\/pages\/132\/revisions\/137"}],"wp:attachment":[{"href":"https:\/\/www.spl-latam.com\/pt-br\/wp-json\/wp\/v2\/media?parent=132"}],"wp:term":[{"taxonomy":"post_tag","embeddable":true,"href":"https:\/\/www.spl-latam.com\/pt-br\/wp-json\/wp\/v2\/tags?post=132"}],"curies":[{"name":"wp","href":"https:\/\/api.w.org\/{rel}","templated":true}]}}